{"id":11014,"date":"2025-07-02T14:47:51","date_gmt":"2025-07-02T13:47:51","guid":{"rendered":"https:\/\/allaboutimages.eu\/?page_id=11014"},"modified":"2025-07-07T07:57:56","modified_gmt":"2025-07-07T06:57:56","slug":"webinar-infosc","status":"publish","type":"page","link":"https:\/\/allaboutimages.eu\/nl\/webinar-infosc\/","title":{"rendered":"Free_WebinarSCJuni2025"},"content":{"rendered":"<div data-elementor-type=\"wp-page\" data-elementor-id=\"11014\" class=\"elementor elementor-11014\" data-elementor-post-type=\"page\">\n\t\t\t\t\t\t<section class=\"elementor-section elementor-top-section elementor-element elementor-element-d00b924 elementor-section-boxed elementor-section-height-default elementor-section-height-default\" data-id=\"d00b924\" data-element_type=\"section\" data-e-type=\"section\" data-settings=\"{&quot;background_background&quot;:&quot;classic&quot;}\">\n\t\t\t\t\t\t<div class=\"elementor-container elementor-column-gap-default\">\n\t\t\t\t\t<div class=\"elementor-column elementor-col-100 elementor-top-column elementor-element elementor-element-fd87ad0\" data-id=\"fd87ad0\" data-element_type=\"column\" data-e-type=\"column\">\n\t\t\t<div class=\"elementor-widget-wrap elementor-element-populated\">\n\t\t\t\t\t\t<div class=\"elementor-element elementor-element-cd2d94f elementor-widget elementor-widget-image\" data-id=\"cd2d94f\" data-element_type=\"widget\" data-e-type=\"widget\" data-widget_type=\"image.default\">\n\t\t\t\t\t\t\t\t\t\t\t\t\t\t\t<img decoding=\"async\" width=\"300\" height=\"70\" src=\"https:\/\/allaboutimages.eu\/wp-content\/uploads\/2022\/09\/Logo_All_About_Images_Neu-300x70.png\" class=\"attachment-medium size-medium wp-image-6824\" alt=\"302984832wqe\" srcset=\"https:\/\/allaboutimages.eu\/wp-content\/uploads\/2022\/09\/Logo_All_About_Images_Neu-300x70.png 300w, https:\/\/allaboutimages.eu\/wp-content\/uploads\/2022\/09\/Logo_All_About_Images_Neu-1024x240.png 1024w, https:\/\/allaboutimages.eu\/wp-content\/uploads\/2022\/09\/Logo_All_About_Images_Neu-768x180.png 768w, https:\/\/allaboutimages.eu\/wp-content\/uploads\/2022\/09\/Logo_All_About_Images_Neu-1536x360.png 1536w, https:\/\/allaboutimages.eu\/wp-content\/uploads\/2022\/09\/Logo_All_About_Images_Neu-2048x480.png 2048w, https:\/\/allaboutimages.eu\/wp-content\/uploads\/2022\/09\/Logo_All_About_Images_Neu-18x4.png 18w\" sizes=\"(max-width: 300px) 100vw, 300px\" title=\"302984832wqe\">\t\t\t\t\t\t\t\t\t\t\t\t\t\t\t<\/div>\n\t\t\t\t<div class=\"elementor-element elementor-element-f7e64f4 elementor-widget elementor-widget-heading\" data-id=\"f7e64f4\" data-element_type=\"widget\" data-e-type=\"widget\" data-widget_type=\"heading.default\">\n\t\t\t\t\t<h6 class=\"elementor-heading-title elementor-size-default\">KOSTENFREIES LIVE WEBINAR <br><br>mit Foto-Coach - <b>Heike Jasper<\/b><br><br><b>Sei dabei :<\/b>\nFreitag, den 11. Juli um 19:30Uhr<\/h6>\t\t\t\t<\/div>\n\t\t\t\t<div class=\"elementor-element elementor-element-d4f8ee0 elementor-widget elementor-widget-spacer\" data-id=\"d4f8ee0\" data-element_type=\"widget\" data-e-type=\"widget\" data-widget_type=\"spacer.default\">\n\t\t\t\t\t\t\t<div class=\"elementor-spacer\">\n\t\t\t<div class=\"elementor-spacer-inner\"><\/div>\n\t\t<\/div>\n\t\t\t\t\t\t<\/div>\n\t\t\t\t\t<\/div>\n\t\t<\/div>\n\t\t\t\t\t<\/div>\n\t\t<\/section>\n\t\t\t\t<section class=\"elementor-section elementor-top-section elementor-element elementor-element-1b0db52 elementor-section-boxed elementor-section-height-default elementor-section-height-default\" data-id=\"1b0db52\" data-element_type=\"section\" data-e-type=\"section\" data-settings=\"{&quot;background_background&quot;:&quot;classic&quot;}\">\n\t\t\t\t\t\t\t<div class=\"elementor-background-overlay\"><\/div>\n\t\t\t\t\t\t\t<div class=\"elementor-container elementor-column-gap-default\">\n\t\t\t\t\t<div class=\"elementor-column elementor-col-50 elementor-top-column elementor-element elementor-element-33818fb\" data-id=\"33818fb\" data-element_type=\"column\" data-e-type=\"column\">\n\t\t\t<div class=\"elementor-widget-wrap\">\n\t\t\t\t\t\t\t<\/div>\n\t\t<\/div>\n\t\t\t\t<div class=\"elementor-column elementor-col-50 elementor-top-column elementor-element elementor-element-222f0f9\" data-id=\"222f0f9\" data-element_type=\"column\" data-e-type=\"column\">\n\t\t\t<div class=\"elementor-widget-wrap elementor-element-populated\">\n\t\t\t\t\t\t<div class=\"elementor-element elementor-element-a86f381 elementor-widget elementor-widget-spacer\" data-id=\"a86f381\" data-element_type=\"widget\" data-e-type=\"widget\" data-widget_type=\"spacer.default\">\n\t\t\t\t\t\t\t<div class=\"elementor-spacer\">\n\t\t\t<div class=\"elementor-spacer-inner\"><\/div>\n\t\t<\/div>\n\t\t\t\t\t\t<\/div>\n\t\t\t\t<div class=\"elementor-element elementor-element-27d7007 elementor-widget elementor-widget-heading\" data-id=\"27d7007\" data-element_type=\"widget\" data-e-type=\"widget\" data-widget_type=\"heading.default\">\n\t\t\t\t\t<h3 class=\"elementor-heading-title elementor-size-default\">SHE CREATIVE 1.0 <\/h3>\t\t\t\t<\/div>\n\t\t\t\t<div class=\"elementor-element elementor-element-e313293 elementor-widget-divider--view-line elementor-widget elementor-widget-divider\" data-id=\"e313293\" data-element_type=\"widget\" data-e-type=\"widget\" data-widget_type=\"divider.default\">\n\t\t\t\t\t\t\t<div class=\"elementor-divider\">\n\t\t\t<span class=\"elementor-divider-separator\">\n\t\t\t\t\t\t<\/span>\n\t\t<\/div>\n\t\t\t\t\t\t<\/div>\n\t\t\t\t<div class=\"elementor-element elementor-element-9ae9615 elementor-widget elementor-widget-heading\" data-id=\"9ae9615\" data-element_type=\"widget\" data-e-type=\"widget\" data-widget_type=\"heading.default\">\n\t\t\t\t\t<h4 class=\"elementor-heading-title elementor-size-default\">Deine kreative Seite sichtbar machen<\/h4>\t\t\t\t<\/div>\n\t\t\t\t<div class=\"elementor-element elementor-element-60314b8 elementor-widget-divider--view-line elementor-widget elementor-widget-divider\" data-id=\"60314b8\" data-element_type=\"widget\" data-e-type=\"widget\" data-widget_type=\"divider.default\">\n\t\t\t\t\t\t\t<div class=\"elementor-divider\">\n\t\t\t<span class=\"elementor-divider-separator\">\n\t\t\t\t\t\t<\/span>\n\t\t<\/div>\n\t\t\t\t\t\t<\/div>\n\t\t\t\t<div class=\"elementor-element elementor-element-a4574cb elementor-widget elementor-widget-heading\" data-id=\"a4574cb\" data-element_type=\"widget\" data-e-type=\"widget\" data-widget_type=\"heading.default\">\n\t\t\t\t\t<h5 class=\"elementor-heading-title elementor-size-default\">Du m\u00f6chtest einen Schritt weiter in deiner Fotografie kommen und mit mehr Selbstvertrauen fotografieren?\n<br>\n\nDieses <b>kostenfreie<\/b> ca. 45 min. <b>Online-Meeting<\/b> ist genau richtig f\u00fcr dich wenn du mehr \u00fcber dieses besonderen Fotokurs erfahren m\u00f6chtest.\n<\/h5>\t\t\t\t<\/div>\n\t\t\t\t<div class=\"elementor-element elementor-element-b915d92 elementor-widget elementor-widget-text-editor\" data-id=\"b915d92\" data-element_type=\"widget\" data-e-type=\"widget\" data-widget_type=\"text-editor.default\">\n\t\t\t\t\t\t\t\t\t<p>Trage hier mit deinen Namen und E-Mail ein \u2013 ich schicke dir den Zoom-Link direkt per E-Mail!<\/p>\t\t\t\t\t\t\t\t<\/div>\n\t\t\t\t<div class=\"elementor-element elementor-element-1be80e7 elementor-widget elementor-widget-html\" data-id=\"1be80e7\" data-element_type=\"widget\" data-e-type=\"widget\" data-widget_type=\"html.default\">\n\t\t\t\t\t<script type=\"text\/javascript\" src=\"https:\/\/app.getresponse.com\/view_webform_v2.js?u=MRj9s&webforms_id=zI7um\" data-webform-id=\"zI7um\"><\/script>\t\t\t\t<\/div>\n\t\t\t\t<div class=\"elementor-element elementor-element-76421c4 elementor-widget elementor-widget-text-editor\" data-id=\"76421c4\" data-element_type=\"widget\" data-e-type=\"widget\" data-widget_type=\"text-editor.default\">\n\t\t\t\t\t\t\t\t\t<p>Wenn Du deinen Namen und deine E-Mail-Adresse eintr\u00e4gst, meldest du dich auch f\u00fcr meinen w\u00f6chentlichen E-Mail-Newsletter und relevante bevorstehende Updates von Heike Jasper an. Du kannst dich jederzeit abmelden.<\/p>\t\t\t\t\t\t\t\t<\/div>\n\t\t\t\t\t<\/div>\n\t\t<\/div>\n\t\t\t\t\t<\/div>\n\t\t<\/section>\n\t\t\t\t<section class=\"elementor-section elementor-top-section elementor-element elementor-element-de1eb25 elementor-section-boxed elementor-section-height-default elementor-section-height-default\" data-id=\"de1eb25\" data-element_type=\"section\" data-e-type=\"section\">\n\t\t\t\t\t\t\t<div class=\"elementor-background-overlay\"><\/div>\n\t\t\t\t\t\t\t<div class=\"elementor-container elementor-column-gap-default\">\n\t\t\t\t\t<div class=\"elementor-column elementor-col-100 elementor-top-column elementor-element elementor-element-d131694\" data-id=\"d131694\" data-element_type=\"column\" data-e-type=\"column\">\n\t\t\t<div class=\"elementor-widget-wrap elementor-element-populated\">\n\t\t\t\t\t\t<div class=\"elementor-element elementor-element-b973116 elementor-widget elementor-widget-spacer\" data-id=\"b973116\" data-element_type=\"widget\" data-e-type=\"widget\" data-widget_type=\"spacer.default\">\n\t\t\t\t\t\t\t<div class=\"elementor-spacer\">\n\t\t\t<div class=\"elementor-spacer-inner\"><\/div>\n\t\t<\/div>\n\t\t\t\t\t\t<\/div>\n\t\t\t\t<div class=\"elementor-element elementor-element-e0d27d0 elementor-widget elementor-widget-image\" data-id=\"e0d27d0\" data-element_type=\"widget\" data-e-type=\"widget\" data-widget_type=\"image.default\">\n\t\t\t\t\t\t\t\t\t\t\t\t\t\t\t<img fetchpriority=\"high\" decoding=\"async\" width=\"246\" height=\"300\" src=\"https:\/\/allaboutimages.eu\/wp-content\/uploads\/2021\/03\/Heike-HRS-4-246x300.png\" class=\"attachment-medium size-medium wp-image-5296\" alt=\"302984832wqe\" srcset=\"https:\/\/allaboutimages.eu\/wp-content\/uploads\/2021\/03\/Heike-HRS-4-246x300.png 246w, https:\/\/allaboutimages.eu\/wp-content\/uploads\/2021\/03\/Heike-HRS-4-840x1024.png 840w, https:\/\/allaboutimages.eu\/wp-content\/uploads\/2021\/03\/Heike-HRS-4-768x936.png 768w, https:\/\/allaboutimages.eu\/wp-content\/uploads\/2021\/03\/Heike-HRS-4-1260x1536.png 1260w, https:\/\/allaboutimages.eu\/wp-content\/uploads\/2021\/03\/Heike-HRS-4-1680x2048.png 1680w\" sizes=\"(max-width: 246px) 100vw, 246px\" title=\"302984832wqe\">\t\t\t\t\t\t\t\t\t\t\t\t\t\t\t<\/div>\n\t\t\t\t<div class=\"elementor-element elementor-element-25cd833 elementor-widget elementor-widget-heading\" data-id=\"25cd833\" data-element_type=\"widget\" data-e-type=\"widget\" data-widget_type=\"heading.default\">\n\t\t\t\t\t<h4 class=\"elementor-heading-title elementor-size-default\">Meine Motivation ist es, dir mehr Freude und Sicherheit beim Fotografieren zu schenken.<\/h4>\t\t\t\t<\/div>\n\t\t\t\t<div class=\"elementor-element elementor-element-bd6a633 elementor-widget elementor-widget-heading\" data-id=\"bd6a633\" data-element_type=\"widget\" data-e-type=\"widget\" data-widget_type=\"heading.default\">\n\t\t\t\t\t<h2 class=\"elementor-heading-title elementor-size-default\">Warum SHE CREATIVE:<\/h2>\t\t\t\t<\/div>\n\t\t\t\t<div class=\"elementor-element elementor-element-4040338 elementor-widget elementor-widget-spacer\" data-id=\"4040338\" data-element_type=\"widget\" data-e-type=\"widget\" data-widget_type=\"spacer.default\">\n\t\t\t\t\t\t\t<div class=\"elementor-spacer\">\n\t\t\t<div class=\"elementor-spacer-inner\"><\/div>\n\t\t<\/div>\n\t\t\t\t\t\t<\/div>\n\t\t\t\t\t<\/div>\n\t\t<\/div>\n\t\t\t\t\t<\/div>\n\t\t<\/section>\n\t\t\t\t<section class=\"elementor-section elementor-top-section elementor-element elementor-element-e27cfd1 elementor-section-boxed elementor-section-height-default elementor-section-height-default\" data-id=\"e27cfd1\" data-element_type=\"section\" data-e-type=\"section\">\n\t\t\t\t\t\t<div class=\"elementor-container elementor-column-gap-default\">\n\t\t\t\t\t<div class=\"elementor-column elementor-col-100 elementor-top-column elementor-element elementor-element-95848f9\" data-id=\"95848f9\" data-element_type=\"column\" data-e-type=\"column\">\n\t\t\t<div class=\"elementor-widget-wrap elementor-element-populated\">\n\t\t\t\t\t\t<div class=\"elementor-element elementor-element-83eaa57 elementor-widget elementor-widget-spacer\" data-id=\"83eaa57\" data-element_type=\"widget\" data-e-type=\"widget\" data-widget_type=\"spacer.default\">\n\t\t\t\t\t\t\t<div class=\"elementor-spacer\">\n\t\t\t<div class=\"elementor-spacer-inner\"><\/div>\n\t\t<\/div>\n\t\t\t\t\t\t<\/div>\n\t\t\t\t\t<\/div>\n\t\t<\/div>\n\t\t\t\t\t<\/div>\n\t\t<\/section>\n\t\t\t\t<section class=\"elementor-section elementor-top-section elementor-element elementor-element-209277a elementor-section-boxed elementor-section-height-default elementor-section-height-default\" data-id=\"209277a\" data-element_type=\"section\" data-e-type=\"section\">\n\t\t\t\t\t\t<div class=\"elementor-container elementor-column-gap-default\">\n\t\t\t\t\t<div class=\"elementor-column elementor-col-33 elementor-top-column elementor-element elementor-element-4e000bb\" data-id=\"4e000bb\" data-element_type=\"column\" data-e-type=\"column\">\n\t\t\t<div class=\"elementor-widget-wrap elementor-element-populated\">\n\t\t\t\t\t\t<div class=\"elementor-element elementor-element-6d8adc2 elementor-widget elementor-widget-heading\" data-id=\"6d8adc2\" data-element_type=\"widget\" data-e-type=\"widget\" data-widget_type=\"heading.default\">\n\t\t\t\t\t<h5 class=\"elementor-heading-title elementor-size-default\">...wenn du dich einen Schritt weiter in Deiner Fotografie entwickeln willst!<\/h5>\t\t\t\t<\/div>\n\t\t\t\t<div class=\"elementor-element elementor-element-29eec87 elementor-widget elementor-widget-image\" data-id=\"29eec87\" data-element_type=\"widget\" data-e-type=\"widget\" data-widget_type=\"image.default\">\n\t\t\t\t\t\t\t\t\t\t\t\t\t\t\t<img decoding=\"async\" width=\"300\" height=\"200\" src=\"https:\/\/allaboutimages.eu\/wp-content\/uploads\/2024\/02\/step-by-step-6655274_1280-min-300x200.jpg\" class=\"attachment-medium size-medium wp-image-9907\" alt=\"302984832wqe\" srcset=\"https:\/\/allaboutimages.eu\/wp-content\/uploads\/2024\/02\/step-by-step-6655274_1280-min-300x200.jpg 300w, https:\/\/allaboutimages.eu\/wp-content\/uploads\/2024\/02\/step-by-step-6655274_1280-min-1024x682.jpg 1024w, https:\/\/allaboutimages.eu\/wp-content\/uploads\/2024\/02\/step-by-step-6655274_1280-min-768x512.jpg 768w, https:\/\/allaboutimages.eu\/wp-content\/uploads\/2024\/02\/step-by-step-6655274_1280-min-18x12.jpg 18w, https:\/\/allaboutimages.eu\/wp-content\/uploads\/2024\/02\/step-by-step-6655274_1280-min.jpg 1280w\" sizes=\"(max-width: 300px) 100vw, 300px\" title=\"302984832wqe\">\t\t\t\t\t\t\t\t\t\t\t\t\t\t\t<\/div>\n\t\t\t\t\t<\/div>\n\t\t<\/div>\n\t\t\t\t<div class=\"elementor-column elementor-col-33 elementor-top-column elementor-element elementor-element-4bd06ca\" data-id=\"4bd06ca\" data-element_type=\"column\" data-e-type=\"column\">\n\t\t\t<div class=\"elementor-widget-wrap elementor-element-populated\">\n\t\t\t\t\t\t<div class=\"elementor-element elementor-element-dcc2e7c elementor-widget elementor-widget-heading\" data-id=\"dcc2e7c\" data-element_type=\"widget\" data-e-type=\"widget\" data-widget_type=\"heading.default\">\n\t\t\t\t\t<h5 class=\"elementor-heading-title elementor-size-default\">...Spa\u00df am Kreieren hast und neue Ideen umsetzen m\u00f6chtest!<\/h5>\t\t\t\t<\/div>\n\t\t\t\t<div class=\"elementor-element elementor-element-e2d3d69 elementor-widget elementor-widget-image\" data-id=\"e2d3d69\" data-element_type=\"widget\" data-e-type=\"widget\" data-widget_type=\"image.default\">\n\t\t\t\t\t\t\t\t\t\t\t\t\t\t\t<img loading=\"lazy\" decoding=\"async\" width=\"300\" height=\"200\" src=\"https:\/\/allaboutimages.eu\/wp-content\/uploads\/2023\/07\/board-953154_1920-300x200.jpg\" class=\"attachment-medium size-medium wp-image-9276\" alt=\"302984832wqe\" srcset=\"https:\/\/allaboutimages.eu\/wp-content\/uploads\/2023\/07\/board-953154_1920-300x200.jpg 300w, https:\/\/allaboutimages.eu\/wp-content\/uploads\/2023\/07\/board-953154_1920-1024x683.jpg 1024w, https:\/\/allaboutimages.eu\/wp-content\/uploads\/2023\/07\/board-953154_1920-768x512.jpg 768w, https:\/\/allaboutimages.eu\/wp-content\/uploads\/2023\/07\/board-953154_1920-1536x1024.jpg 1536w, https:\/\/allaboutimages.eu\/wp-content\/uploads\/2023\/07\/board-953154_1920.jpg 1920w\" sizes=\"(max-width: 300px) 100vw, 300px\" title=\"302984832wqe\">\t\t\t\t\t\t\t\t\t\t\t\t\t\t\t<\/div>\n\t\t\t\t\t<\/div>\n\t\t<\/div>\n\t\t\t\t<div class=\"elementor-column elementor-col-33 elementor-top-column elementor-element elementor-element-c3d1f94\" data-id=\"c3d1f94\" data-element_type=\"column\" data-e-type=\"column\">\n\t\t\t<div class=\"elementor-widget-wrap elementor-element-populated\">\n\t\t\t\t\t\t<div class=\"elementor-element elementor-element-9ed4556 elementor-widget elementor-widget-heading\" data-id=\"9ed4556\" data-element_type=\"widget\" data-e-type=\"widget\" data-widget_type=\"heading.default\">\n\t\t\t\t\t<h5 class=\"elementor-heading-title elementor-size-default\">...Technische Sicherheit  bekommen m\u00f6chtest um mehr Kreativ sein zu k\u00f6nnen!<\/h5>\t\t\t\t<\/div>\n\t\t\t\t<div class=\"elementor-element elementor-element-9e65d0d elementor-widget elementor-widget-image\" data-id=\"9e65d0d\" data-element_type=\"widget\" data-e-type=\"widget\" data-widget_type=\"image.default\">\n\t\t\t\t\t\t\t\t\t\t\t\t\t\t\t<img loading=\"lazy\" decoding=\"async\" width=\"300\" height=\"191\" src=\"https:\/\/allaboutimages.eu\/wp-content\/uploads\/2022\/12\/lens-490806_1920-300x191.jpg\" class=\"attachment-medium size-medium wp-image-8336\" alt=\"302984832wqe\" srcset=\"https:\/\/allaboutimages.eu\/wp-content\/uploads\/2022\/12\/lens-490806_1920-300x191.jpg 300w, https:\/\/allaboutimages.eu\/wp-content\/uploads\/2022\/12\/lens-490806_1920-1024x652.jpg 1024w, https:\/\/allaboutimages.eu\/wp-content\/uploads\/2022\/12\/lens-490806_1920-768x489.jpg 768w, https:\/\/allaboutimages.eu\/wp-content\/uploads\/2022\/12\/lens-490806_1920-1536x978.jpg 1536w, https:\/\/allaboutimages.eu\/wp-content\/uploads\/2022\/12\/lens-490806_1920-18x12.jpg 18w, https:\/\/allaboutimages.eu\/wp-content\/uploads\/2022\/12\/lens-490806_1920.jpg 1920w\" sizes=\"(max-width: 300px) 100vw, 300px\" title=\"302984832wqe\">\t\t\t\t\t\t\t\t\t\t\t\t\t\t\t<\/div>\n\t\t\t\t\t<\/div>\n\t\t<\/div>\n\t\t\t\t\t<\/div>\n\t\t<\/section>\n\t\t\t\t<section class=\"elementor-section elementor-top-section elementor-element elementor-element-079f4ef elementor-section-boxed elementor-section-height-default elementor-section-height-default\" data-id=\"079f4ef\" data-element_type=\"section\" data-e-type=\"section\">\n\t\t\t\t\t\t<div class=\"elementor-container elementor-column-gap-default\">\n\t\t\t\t\t<div class=\"elementor-column elementor-col-100 elementor-top-column elementor-element elementor-element-2f16d13\" data-id=\"2f16d13\" data-element_type=\"column\" data-e-type=\"column\">\n\t\t\t<div class=\"elementor-widget-wrap elementor-element-populated\">\n\t\t\t\t\t\t<div class=\"elementor-element elementor-element-6afa6d9 elementor-widget elementor-widget-spacer\" data-id=\"6afa6d9\" data-element_type=\"widget\" data-e-type=\"widget\" data-widget_type=\"spacer.default\">\n\t\t\t\t\t\t\t<div class=\"elementor-spacer\">\n\t\t\t<div class=\"elementor-spacer-inner\"><\/div>\n\t\t<\/div>\n\t\t\t\t\t\t<\/div>\n\t\t\t\t<div class=\"elementor-element elementor-element-8f459cf elementor-widget elementor-widget-text-editor\" data-id=\"8f459cf\" data-element_type=\"widget\" data-e-type=\"widget\" data-widget_type=\"text-editor.default\">\n\t\t\t\t\t\t\t\t\t<p>Es spielt keine Rolle, mit welcher Kameramarke du fotografierst oder wie &#8222;gross&#8220; deine Kamera ist.<\/p><p>\u00a0Du kannst dieses Online-Webinar auf jeden Fall mitmachen.\u00a0<\/p><p>Ich verspreche dir, es wird sehr unterhaltsam.<\/p><h5 class=\"elementor-heading-title elementor-size-default elementor-inline-editing pen\" contenteditable=\"true\" data-elementor-setting-key=\"title\" data-pen-placeholder=\"Eingabe hier...\">Ich freue mich auf dich! Heike Jasper<\/h5>\t\t\t\t\t\t\t\t<\/div>\n\t\t\t\t\t<\/div>\n\t\t<\/div>\n\t\t\t\t\t<\/div>\n\t\t<\/section>\n\t\t\t\t<section class=\"elementor-section elementor-top-section elementor-element elementor-element-fd2dd4f elementor-section-boxed elementor-section-height-default elementor-section-height-default\" data-id=\"fd2dd4f\" data-element_type=\"section\" data-e-type=\"section\">\n\t\t\t\t\t\t<div class=\"elementor-container elementor-column-gap-default\">\n\t\t\t\t\t<div class=\"elementor-column elementor-col-100 elementor-top-column elementor-element elementor-element-c4f5acb\" data-id=\"c4f5acb\" data-element_type=\"column\" data-e-type=\"column\">\n\t\t\t<div class=\"elementor-widget-wrap elementor-element-populated\">\n\t\t\t\t\t\t<div class=\"elementor-element elementor-element-2a495c9 elementor-widget elementor-widget-spacer\" data-id=\"2a495c9\" data-element_type=\"widget\" data-e-type=\"widget\" data-widget_type=\"spacer.default\">\n\t\t\t\t\t\t\t<div class=\"elementor-spacer\">\n\t\t\t<div class=\"elementor-spacer-inner\"><\/div>\n\t\t<\/div>\n\t\t\t\t\t\t<\/div>\n\t\t\t\t\t<\/div>\n\t\t<\/div>\n\t\t\t\t\t<\/div>\n\t\t<\/section>\n\t\t\t\t<section class=\"elementor-section elementor-top-section elementor-element elementor-element-7d61ca86 elementor-section-boxed elementor-section-height-default elementor-section-height-default\" data-id=\"7d61ca86\" data-element_type=\"section\" data-e-type=\"section\" data-settings=\"{&quot;background_background&quot;:&quot;classic&quot;}\">\n\t\t\t\t\t\t<div class=\"elementor-container elementor-column-gap-default\">\n\t\t\t\t\t<div class=\"elementor-column elementor-col-100 elementor-top-column elementor-element elementor-element-1d8804d1\" data-id=\"1d8804d1\" data-element_type=\"column\" data-e-type=\"column\">\n\t\t\t<div class=\"elementor-widget-wrap elementor-element-populated\">\n\t\t\t\t\t\t<div class=\"elementor-element elementor-element-38eb35a0 elementor-widget elementor-widget-text-editor\" data-id=\"38eb35a0\" data-element_type=\"widget\" data-e-type=\"widget\" data-widget_type=\"text-editor.default\">\n\t\t\t\t\t\t\t\t\t<p class=\"text-align-center font-scale-4 line-height-scale-3\" style=\"text-align: center;\" data-pm-slice=\"0 0 []\"><a style=\"color: white;\" href=\"https:\/\/allaboutimages.eu\/nl\/datenschutz\/\" target=\"_blank\" rel=\"noopener\">Datenschutzerkl\u00e4rung<\/a> | <a style=\"color: white;\" href=\"https:\/\/allaboutimages.eu\/nl\/impressum\/\">Impressum<\/a> | <a style=\"color: white;\" href=\"https:\/\/allaboutimages.eu\/nl\/agb\/\">AGB<\/a> | Copyright \u00a9 2025<\/p>\t\t\t\t\t\t\t\t<\/div>\n\t\t\t\t\t<\/div>\n\t\t<\/div>\n\t\t\t\t\t<\/div>\n\t\t<\/section>\n\t\t\t\t<section class=\"elementor-section elementor-top-section elementor-element elementor-element-c2ea1b7 elementor-section-boxed elementor-section-height-default elementor-section-height-default\" data-id=\"c2ea1b7\" data-element_type=\"section\" data-e-type=\"section\">\n\t\t\t\t\t\t<div class=\"elementor-container elementor-column-gap-default\">\n\t\t\t\t\t<div class=\"elementor-column elementor-col-100 elementor-top-column elementor-element elementor-element-7e561ba\" data-id=\"7e561ba\" data-element_type=\"column\" data-e-type=\"column\">\n\t\t\t<div class=\"elementor-widget-wrap elementor-element-populated\">\n\t\t\t\t\t\t<div class=\"elementor-element elementor-element-954ee63 elementor-widget elementor-widget-spacer\" data-id=\"954ee63\" data-element_type=\"widget\" data-e-type=\"widget\" data-widget_type=\"spacer.default\">\n\t\t\t\t\t\t\t<div class=\"elementor-spacer\">\n\t\t\t<div class=\"elementor-spacer-inner\"><\/div>\n\t\t<\/div>\n\t\t\t\t\t\t<\/div>\n\t\t\t\t\t<\/div>\n\t\t<\/div>\n\t\t\t\t\t<\/div>\n\t\t<\/section>\n\t\t\t\t<\/div>","protected":false},"excerpt":{"rendered":"<p>KOSTENFREIES LIVE WEBINAR mit Foto-Coach &#8211; Heike Jasper Sei dabei : Freitag, den 11. Juli um 19:30Uhr SHE CREATIVE 1.0 Deine kreative Seite sichtbar machen Du m\u00f6chtest einen Schritt weiter in deiner Fotografie kommen und mit mehr Selbstvertrauen fotografieren? Dieses kostenfreie ca. 45 min. Online-Meeting ist genau richtig f\u00fcr dich wenn du mehr \u00fcber dieses [&hellip;]<\/p>\n","protected":false},"author":4,"featured_media":9907,"parent":0,"menu_order":0,"comment_status":"closed","ping_status":"closed","template":"","meta":{"iawp_total_views":15,"footnotes":""},"class_list":["post-11014","page","type-page","status-publish","has-post-thumbnail","hentry"],"_links":{"self":[{"href":"https:\/\/allaboutimages.eu\/nl\/wp-json\/wp\/v2\/pages\/11014","targetHints":{"allow":["GET"]}}],"collection":[{"href":"https:\/\/allaboutimages.eu\/nl\/wp-json\/wp\/v2\/pages"}],"about":[{"href":"https:\/\/allaboutimages.eu\/nl\/wp-json\/wp\/v2\/types\/page"}],"author":[{"embeddable":true,"href":"https:\/\/allaboutimages.eu\/nl\/wp-json\/wp\/v2\/users\/4"}],"replies":[{"embeddable":true,"href":"https:\/\/allaboutimages.eu\/nl\/wp-json\/wp\/v2\/comments?post=11014"}],"version-history":[{"count":42,"href":"https:\/\/allaboutimages.eu\/nl\/wp-json\/wp\/v2\/pages\/11014\/revisions"}],"predecessor-version":[{"id":11062,"href":"https:\/\/allaboutimages.eu\/nl\/wp-json\/wp\/v2\/pages\/11014\/revisions\/11062"}],"wp:featuredmedia":[{"embeddable":true,"href":"https:\/\/allaboutimages.eu\/nl\/wp-json\/wp\/v2\/media\/9907"}],"wp:attachment":[{"href":"https:\/\/allaboutimages.eu\/nl\/wp-json\/wp\/v2\/media?parent=11014"}],"curies":[{"name":"wp","href":"https:\/\/api.w.org\/{rel}","templated":true}]}}