{"id":5549,"date":"2021-04-22T13:26:30","date_gmt":"2021-04-22T13:26:30","guid":{"rendered":"https:\/\/wessela31.sg-host.com\/?page_id=5549"},"modified":"2023-08-17T11:07:45","modified_gmt":"2023-08-17T10:07:45","slug":"blog","status":"publish","type":"page","link":"https:\/\/allaboutimages.eu\/nl\/blog\/","title":{"rendered":"Blog"},"content":{"rendered":"<div data-elementor-type=\"wp-page\" data-elementor-id=\"5549\" class=\"elementor elementor-5549\" data-elementor-post-type=\"page\">\n\t\t\t\t\t\t<section class=\"elementor-section elementor-top-section elementor-element elementor-element-bb9ea82 elementor-section-boxed elementor-section-height-default elementor-section-height-default\" data-id=\"bb9ea82\" data-element_type=\"section\" data-e-type=\"section\">\n\t\t\t\t\t\t\t<div class=\"elementor-background-overlay\"><\/div>\n\t\t\t\t\t\t\t<div class=\"elementor-container elementor-column-gap-default\">\n\t\t\t\t\t<div class=\"elementor-column elementor-col-100 elementor-top-column elementor-element elementor-element-07cc5b5\" data-id=\"07cc5b5\" data-element_type=\"column\" data-e-type=\"column\" data-settings=\"{&quot;background_background&quot;:&quot;classic&quot;}\">\n\t\t\t<div class=\"elementor-widget-wrap elementor-element-populated\">\n\t\t\t\t\t\t<div class=\"elementor-element elementor-element-71e67f7 elementor-grid-3 elementor-grid-tablet-2 elementor-grid-mobile-1 elementor-posts--thumbnail-top elementor-widget elementor-widget-posts\" data-id=\"71e67f7\" data-element_type=\"widget\" data-e-type=\"widget\" data-settings=\"{&quot;pagination_type&quot;:&quot;numbers_and_prev_next&quot;,&quot;classic_columns&quot;:&quot;3&quot;,&quot;classic_columns_tablet&quot;:&quot;2&quot;,&quot;classic_columns_mobile&quot;:&quot;1&quot;,&quot;classic_row_gap&quot;:{&quot;unit&quot;:&quot;px&quot;,&quot;size&quot;:35,&quot;sizes&quot;:[]},&quot;classic_row_gap_tablet&quot;:{&quot;unit&quot;:&quot;px&quot;,&quot;size&quot;:&quot;&quot;,&quot;sizes&quot;:[]},&quot;classic_row_gap_mobile&quot;:{&quot;unit&quot;:&quot;px&quot;,&quot;size&quot;:&quot;&quot;,&quot;sizes&quot;:[]}}\" data-widget_type=\"posts.classic\">\n\t\t\t\t<div class=\"elementor-widget-container\">\n\t\t\t\t\t\t\t<div class=\"elementor-posts-container elementor-posts elementor-posts--skin-classic elementor-grid\" role=\"list\">\n\t\t\t\t<article class=\"elementor-post elementor-grid-item post-10279 post type-post status-publish format-standard has-post-thumbnail hentry category-mindset category-coaching tag-coaching tag-empowerment tag-fotografie tag-inspriation tag-mut tag-mutausbruch tag-podcast tag-spotify\" role=\"listitem\">\n\t\t\t\t<a class=\"elementor-post__thumbnail__link\" href=\"https:\/\/allaboutimages.eu\/nl\/ich-war-zu-gast-in-einem-podcast-einblick-in-mutausbrueche-fotografie-und-coaching\/\" tabindex=\"-1\">\n\t\t\t<div class=\"elementor-post__thumbnail\"><img fetchpriority=\"high\" decoding=\"async\" width=\"768\" height=\"513\" src=\"https:\/\/allaboutimages.eu\/wp-content\/uploads\/2024\/04\/AdobeStock_506193652-768x513.jpeg\" class=\"attachment-medium_large size-medium_large wp-image-10302\" alt=\"302984832wqe\" title=\"302984832wqe\" srcset=\"https:\/\/allaboutimages.eu\/wp-content\/uploads\/2024\/04\/AdobeStock_506193652-768x513.jpeg 768w, https:\/\/allaboutimages.eu\/wp-content\/uploads\/2024\/04\/AdobeStock_506193652-300x200.jpeg 300w, https:\/\/allaboutimages.eu\/wp-content\/uploads\/2024\/04\/AdobeStock_506193652-1024x683.jpeg 1024w, https:\/\/allaboutimages.eu\/wp-content\/uploads\/2024\/04\/AdobeStock_506193652-1536x1025.jpeg 1536w, https:\/\/allaboutimages.eu\/wp-content\/uploads\/2024\/04\/AdobeStock_506193652-2048x1367.jpeg 2048w, https:\/\/allaboutimages.eu\/wp-content\/uploads\/2024\/04\/AdobeStock_506193652-18x12.jpeg 18w\" sizes=\"(max-width: 768px) 100vw, 768px\" \/><\/div>\n\t\t<\/a>\n\t\t\t\t<div class=\"elementor-post__text\">\n\t\t\t\t<h3 class=\"elementor-post__title\">\n\t\t\t<a href=\"https:\/\/allaboutimages.eu\/nl\/ich-war-zu-gast-in-einem-podcast-einblick-in-mutausbrueche-fotografie-und-coaching\/\">\n\t\t\t\tIch war zu Gast in einem Podcast: Einblick in Mutausbr\u00fcche, Fotografie und Coaching\t\t\t<\/a>\n\t\t<\/h3>\n\t\t\t\t<div class=\"elementor-post__excerpt\">\n\t\t\t<p>In einer Welt, die von st\u00e4ndiger Bewegung und Ver\u00e4nderung gepr\u00e4gt ist, ist Mut eine Qualit\u00e4t, die oft \u00fcbersehen wird. Doch es ist der Mut, der<\/p>\n\t\t<\/div>\n\t\t\n\t\t<a class=\"elementor-post__read-more\" href=\"https:\/\/allaboutimages.eu\/nl\/ich-war-zu-gast-in-einem-podcast-einblick-in-mutausbrueche-fotografie-und-coaching\/\" aria-label=\"Read more about Ich war zu Gast in einem Podcast: Einblick in Mutausbr\u00fcche, Fotografie und Coaching\" tabindex=\"-1\">\n\t\t\tMeer lezen\t\t<\/a>\n\n\t\t\t\t<\/div>\n\t\t\t\t<\/article>\n\t\t\t\t<article class=\"elementor-post elementor-grid-item post-9525 post type-post status-publish format-standard has-post-thumbnail hentry category-technik_tipps tag-aufnahmekonfiguration tag-nikon-z8 tag-nikon-z9\" role=\"listitem\">\n\t\t\t\t<a class=\"elementor-post__thumbnail__link\" href=\"https:\/\/allaboutimages.eu\/nl\/kameraeinstellungen-bei-der-nikon-z9-und-nikon-z8-speichern\/\" tabindex=\"-1\">\n\t\t\t<div class=\"elementor-post__thumbnail\"><img decoding=\"async\" width=\"768\" height=\"518\" src=\"https:\/\/allaboutimages.eu\/wp-content\/uploads\/2023\/11\/Kap10_Screen_Fotoaufn_Konfiguration_0921-768x518.jpg\" class=\"attachment-medium_large size-medium_large wp-image-9683\" alt=\"Aufnahmekonfiguration Makro\" title=\"302984832wqe\" srcset=\"https:\/\/allaboutimages.eu\/wp-content\/uploads\/2023\/11\/Kap10_Screen_Fotoaufn_Konfiguration_0921-768x518.jpg 768w, https:\/\/allaboutimages.eu\/wp-content\/uploads\/2023\/11\/Kap10_Screen_Fotoaufn_Konfiguration_0921-300x203.jpg 300w, https:\/\/allaboutimages.eu\/wp-content\/uploads\/2023\/11\/Kap10_Screen_Fotoaufn_Konfiguration_0921-1024x691.jpg 1024w, https:\/\/allaboutimages.eu\/wp-content\/uploads\/2023\/11\/Kap10_Screen_Fotoaufn_Konfiguration_0921-1536x1037.jpg 1536w, https:\/\/allaboutimages.eu\/wp-content\/uploads\/2023\/11\/Kap10_Screen_Fotoaufn_Konfiguration_0921-18x12.jpg 18w, https:\/\/allaboutimages.eu\/wp-content\/uploads\/2023\/11\/Kap10_Screen_Fotoaufn_Konfiguration_0921.jpg 2000w\" sizes=\"(max-width: 768px) 100vw, 768px\" \/><\/div>\n\t\t<\/a>\n\t\t\t\t<div class=\"elementor-post__text\">\n\t\t\t\t<h3 class=\"elementor-post__title\">\n\t\t\t<a href=\"https:\/\/allaboutimages.eu\/nl\/kameraeinstellungen-bei-der-nikon-z9-und-nikon-z8-speichern\/\">\n\t\t\t\tKameraeinstellungen bei der Nikon Z9 und Nikon Z8 speichern\t\t\t<\/a>\n\t\t<\/h3>\n\t\t\t\t<div class=\"elementor-post__excerpt\">\n\t\t\t<p>Viele Kameras bieten heute die M\u00f6glichkeit, individuelle Kameraeinstellungen zu speichern. Das ist vor allem f\u00fcr die Fotografen interessant, die f\u00fcr unterschiedliche Aufnahmesituationen h\u00e4ufiger zwischen bestimmten<\/p>\n\t\t<\/div>\n\t\t\n\t\t<a class=\"elementor-post__read-more\" href=\"https:\/\/allaboutimages.eu\/nl\/kameraeinstellungen-bei-der-nikon-z9-und-nikon-z8-speichern\/\" aria-label=\"Read more about Kameraeinstellungen bei der Nikon Z9 und Nikon Z8 speichern\" tabindex=\"-1\">\n\t\t\tMeer lezen\t\t<\/a>\n\n\t\t\t\t<\/div>\n\t\t\t\t<\/article>\n\t\t\t\t<article class=\"elementor-post elementor-grid-item post-9484 post type-post status-publish format-standard has-post-thumbnail hentry category-coaching category-mindset\" role=\"listitem\">\n\t\t\t\t<a class=\"elementor-post__thumbnail__link\" href=\"https:\/\/allaboutimages.eu\/nl\/she-creative-das-online-lernprogramm\/\" tabindex=\"-1\">\n\t\t\t<div class=\"elementor-post__thumbnail\"><img decoding=\"async\" width=\"768\" height=\"432\" src=\"https:\/\/allaboutimages.eu\/wp-content\/uploads\/2023\/07\/Online_Produkt-She_Folien_Aufgaben.001-768x432.jpeg\" class=\"attachment-medium_large size-medium_large wp-image-9234\" alt=\"302984832wqe\" title=\"302984832wqe\" srcset=\"https:\/\/allaboutimages.eu\/wp-content\/uploads\/2023\/07\/Online_Produkt-She_Folien_Aufgaben.001-768x432.jpeg 768w, https:\/\/allaboutimages.eu\/wp-content\/uploads\/2023\/07\/Online_Produkt-She_Folien_Aufgaben.001-300x169.jpeg 300w, https:\/\/allaboutimages.eu\/wp-content\/uploads\/2023\/07\/Online_Produkt-She_Folien_Aufgaben.001-1024x576.jpeg 1024w, https:\/\/allaboutimages.eu\/wp-content\/uploads\/2023\/07\/Online_Produkt-She_Folien_Aufgaben.001-1536x864.jpeg 1536w, https:\/\/allaboutimages.eu\/wp-content\/uploads\/2023\/07\/Online_Produkt-She_Folien_Aufgaben.001.jpeg 1920w\" sizes=\"(max-width: 768px) 100vw, 768px\" \/><\/div>\n\t\t<\/a>\n\t\t\t\t<div class=\"elementor-post__text\">\n\t\t\t\t<h3 class=\"elementor-post__title\">\n\t\t\t<a href=\"https:\/\/allaboutimages.eu\/nl\/she-creative-das-online-lernprogramm\/\">\n\t\t\t\tSHE CREATIVE &#8211; Das Online Lernprogramm\t\t\t<\/a>\n\t\t<\/h3>\n\t\t\t\t<div class=\"elementor-post__excerpt\">\n\t\t\t<p>Fotografie bringt so viel Spa\u00df und Erf\u00fcllung, kann jedoch manchmal auch sehr frustrierend sein. Fragt mich, ich bin durch so ziemlich jedes Tal gegangen auf<\/p>\n\t\t<\/div>\n\t\t\n\t\t<a class=\"elementor-post__read-more\" href=\"https:\/\/allaboutimages.eu\/nl\/she-creative-das-online-lernprogramm\/\" aria-label=\"Read more about SHE CREATIVE &#8211; Das Online Lernprogramm\" tabindex=\"-1\">\n\t\t\tMeer lezen\t\t<\/a>\n\n\t\t\t\t<\/div>\n\t\t\t\t<\/article>\n\t\t\t\t<article class=\"elementor-post elementor-grid-item post-9400 post type-post status-publish format-standard has-post-thumbnail hentry category-mindset tag-erste-schritte tag-schubladen\" role=\"listitem\">\n\t\t\t\t<a class=\"elementor-post__thumbnail__link\" href=\"https:\/\/allaboutimages.eu\/nl\/dein-erster-schritt\/\" tabindex=\"-1\">\n\t\t\t<div class=\"elementor-post__thumbnail\"><img loading=\"lazy\" decoding=\"async\" width=\"768\" height=\"512\" src=\"https:\/\/allaboutimages.eu\/wp-content\/uploads\/2023\/07\/step-by-step-6655274_1280-768x512.jpg\" class=\"attachment-medium_large size-medium_large wp-image-9171\" alt=\"302984832wqe\" title=\"302984832wqe\" srcset=\"https:\/\/allaboutimages.eu\/wp-content\/uploads\/2023\/07\/step-by-step-6655274_1280-768x512.jpg 768w, https:\/\/allaboutimages.eu\/wp-content\/uploads\/2023\/07\/step-by-step-6655274_1280-300x200.jpg 300w, https:\/\/allaboutimages.eu\/wp-content\/uploads\/2023\/07\/step-by-step-6655274_1280-1024x682.jpg 1024w, https:\/\/allaboutimages.eu\/wp-content\/uploads\/2023\/07\/step-by-step-6655274_1280.jpg 1280w\" sizes=\"(max-width: 768px) 100vw, 768px\" \/><\/div>\n\t\t<\/a>\n\t\t\t\t<div class=\"elementor-post__text\">\n\t\t\t\t<h3 class=\"elementor-post__title\">\n\t\t\t<a href=\"https:\/\/allaboutimages.eu\/nl\/dein-erster-schritt\/\">\n\t\t\t\tDein erster Schritt\t\t\t<\/a>\n\t\t<\/h3>\n\t\t\t\t<div class=\"elementor-post__excerpt\">\n\t\t\t<p>Dein erster Schritt und wer bin ich, die sowas sagt? Hallo, Sch\u00f6n, dass du hier bist! Das du hier bist, hei\u00dft dass du eventuell \u00e4hnliche<\/p>\n\t\t<\/div>\n\t\t\n\t\t<a class=\"elementor-post__read-more\" href=\"https:\/\/allaboutimages.eu\/nl\/dein-erster-schritt\/\" aria-label=\"Read more about Dein erster Schritt\" tabindex=\"-1\">\n\t\t\tMeer lezen\t\t<\/a>\n\n\t\t\t\t<\/div>\n\t\t\t\t<\/article>\n\t\t\t\t<article class=\"elementor-post elementor-grid-item post-44 post type-post status-publish format-standard has-post-thumbnail hentry category-events_workshops_veranstaltungen\" role=\"listitem\">\n\t\t\t\t<a class=\"elementor-post__thumbnail__link\" href=\"https:\/\/allaboutimages.eu\/nl\/sample-2\/\" tabindex=\"-1\">\n\t\t\t<div class=\"elementor-post__thumbnail\"><img loading=\"lazy\" decoding=\"async\" width=\"768\" height=\"319\" src=\"https:\/\/allaboutimages.eu\/wp-content\/uploads\/2021\/03\/Key_Entwurf_2-768x319.png\" class=\"attachment-medium_large size-medium_large wp-image-6268\" alt=\"302984832wqe\" title=\"302984832wqe\" srcset=\"https:\/\/allaboutimages.eu\/wp-content\/uploads\/2021\/03\/Key_Entwurf_2-768x319.png 768w, https:\/\/allaboutimages.eu\/wp-content\/uploads\/2021\/03\/Key_Entwurf_2-300x125.png 300w, https:\/\/allaboutimages.eu\/wp-content\/uploads\/2021\/03\/Key_Entwurf_2-1024x425.png 1024w, https:\/\/allaboutimages.eu\/wp-content\/uploads\/2021\/03\/Key_Entwurf_2-1536x638.png 1536w, https:\/\/allaboutimages.eu\/wp-content\/uploads\/2021\/03\/Key_Entwurf_2-16x7.png 16w, https:\/\/allaboutimages.eu\/wp-content\/uploads\/2021\/03\/Key_Entwurf_2.png 1926w\" sizes=\"(max-width: 768px) 100vw, 768px\" \/><\/div>\n\t\t<\/a>\n\t\t\t\t<div class=\"elementor-post__text\">\n\t\t\t\t<h3 class=\"elementor-post__title\">\n\t\t\t<a href=\"https:\/\/allaboutimages.eu\/nl\/sample-2\/\">\n\t\t\t\tNikon Female Facets\t\t\t<\/a>\n\t\t<\/h3>\n\t\t\t\t<div class=\"elementor-post__excerpt\">\n\t\t\t<p>EEN FOTOWEDSTRIJD - ZEVEN MENTOREN - ONEINDIG VEEL FACETTEN VAN FOTOGRAFIE \nEn ik ben een van de mentoren! Hier kunt u meer te weten komen over deze mega Nikon-fotowedstrijd.<\/p>\n\t\t<\/div>\n\t\t\n\t\t<a class=\"elementor-post__read-more\" href=\"https:\/\/allaboutimages.eu\/nl\/sample-2\/\" aria-label=\"Read more about Nikon Female Facets\" tabindex=\"-1\">\n\t\t\tMeer lezen\t\t<\/a>\n\n\t\t\t\t<\/div>\n\t\t\t\t<\/article>\n\t\t\t\t<article class=\"elementor-post elementor-grid-item post-42 post type-post status-publish format-standard has-post-thumbnail hentry category-uncategorized\" role=\"listitem\">\n\t\t\t\t<a class=\"elementor-post__thumbnail__link\" href=\"https:\/\/allaboutimages.eu\/nl\/sample-1\/\" tabindex=\"-1\">\n\t\t\t<div class=\"elementor-post__thumbnail\"><img loading=\"lazy\" decoding=\"async\" width=\"768\" height=\"1152\" src=\"https:\/\/allaboutimages.eu\/wp-content\/uploads\/2020\/10\/2.markus-spiske-l_d78pNk37A-unsplash-768x1152.jpg\" class=\"attachment-medium_large size-medium_large wp-image-6257\" alt=\"302984832wqe\" title=\"302984832wqe\" srcset=\"https:\/\/allaboutimages.eu\/wp-content\/uploads\/2020\/10\/2.markus-spiske-l_d78pNk37A-unsplash-768x1152.jpg 768w, https:\/\/allaboutimages.eu\/wp-content\/uploads\/2020\/10\/2.markus-spiske-l_d78pNk37A-unsplash-200x300.jpg 200w, https:\/\/allaboutimages.eu\/wp-content\/uploads\/2020\/10\/2.markus-spiske-l_d78pNk37A-unsplash-683x1024.jpg 683w, https:\/\/allaboutimages.eu\/wp-content\/uploads\/2020\/10\/2.markus-spiske-l_d78pNk37A-unsplash-1024x1536.jpg 1024w, https:\/\/allaboutimages.eu\/wp-content\/uploads\/2020\/10\/2.markus-spiske-l_d78pNk37A-unsplash-1365x2048.jpg 1365w, https:\/\/allaboutimages.eu\/wp-content\/uploads\/2020\/10\/2.markus-spiske-l_d78pNk37A-unsplash-8x12.jpg 8w, https:\/\/allaboutimages.eu\/wp-content\/uploads\/2020\/10\/2.markus-spiske-l_d78pNk37A-unsplash-scaled.jpg 1706w\" sizes=\"(max-width: 768px) 100vw, 768px\" \/><\/div>\n\t\t<\/a>\n\t\t\t\t<div class=\"elementor-post__text\">\n\t\t\t\t<h3 class=\"elementor-post__title\">\n\t\t\t<a href=\"https:\/\/allaboutimages.eu\/nl\/sample-1\/\">\n\t\t\t\tAll About Images \u2013 The Beginning\t\t\t<\/a>\n\t\t<\/h3>\n\t\t\t\t<div class=\"elementor-post__excerpt\">\n\t\t\t<p>Hallo en een hartelijk welkom op mijn blog. Hier kun je lezen hoe ik in de fotografie ben begonnen en wat je van mijn blog kunt verwachten.<\/p>\n\t\t<\/div>\n\t\t\n\t\t<a class=\"elementor-post__read-more\" href=\"https:\/\/allaboutimages.eu\/nl\/sample-1\/\" aria-label=\"Read more about All About Images \u2013 The Beginning\" tabindex=\"-1\">\n\t\t\tMeer lezen\t\t<\/a>\n\n\t\t\t\t<\/div>\n\t\t\t\t<\/article>\n\t\t\t\t<\/div>\n\t\t\n\t\t\t\t\t\t<\/div>\n\t\t\t\t<\/div>\n\t\t\t\t\t<\/div>\n\t\t<\/div>\n\t\t\t\t\t<\/div>\n\t\t<\/section>\n\t\t\t\t<\/div>","protected":false},"excerpt":{"rendered":"","protected":false},"author":3,"featured_media":0,"parent":0,"menu_order":0,"comment_status":"closed","ping_status":"closed","template":"elementor_header_footer","meta":{"iawp_total_views":380,"footnotes":""},"class_list":["post-5549","page","type-page","status-publish","hentry"],"_links":{"self":[{"href":"https:\/\/allaboutimages.eu\/nl\/wp-json\/wp\/v2\/pages\/5549","targetHints":{"allow":["GET"]}}],"collection":[{"href":"https:\/\/allaboutimages.eu\/nl\/wp-json\/wp\/v2\/pages"}],"about":[{"href":"https:\/\/allaboutimages.eu\/nl\/wp-json\/wp\/v2\/types\/page"}],"author":[{"embeddable":true,"href":"https:\/\/allaboutimages.eu\/nl\/wp-json\/wp\/v2\/users\/3"}],"replies":[{"embeddable":true,"href":"https:\/\/allaboutimages.eu\/nl\/wp-json\/wp\/v2\/comments?post=5549"}],"version-history":[{"count":28,"href":"https:\/\/allaboutimages.eu\/nl\/wp-json\/wp\/v2\/pages\/5549\/revisions"}],"predecessor-version":[{"id":9482,"href":"https:\/\/allaboutimages.eu\/nl\/wp-json\/wp\/v2\/pages\/5549\/revisions\/9482"}],"wp:attachment":[{"href":"https:\/\/allaboutimages.eu\/nl\/wp-json\/wp\/v2\/media?parent=5549"}],"curies":[{"name":"wp","href":"https:\/\/api.w.org\/{rel}","templated":true}]}}