{"id":5906,"date":"2021-05-23T12:13:30","date_gmt":"2021-05-23T12:13:30","guid":{"rendered":"https:\/\/wessela31.sg-host.com\/?page_id=5906"},"modified":"2024-04-26T09:42:07","modified_gmt":"2024-04-26T08:42:07","slug":"impressum","status":"publish","type":"page","link":"https:\/\/allaboutimages.eu\/nl\/impressum\/","title":{"rendered":"Impressum"},"content":{"rendered":"<div data-elementor-type=\"wp-page\" data-elementor-id=\"5906\" class=\"elementor elementor-5906\" data-elementor-post-type=\"page\">\n\t\t\t\t\t\t<section class=\"elementor-section elementor-top-section elementor-element elementor-element-3956122 elementor-section-boxed elementor-section-height-default elementor-section-height-default\" data-id=\"3956122\" data-element_type=\"section\" data-e-type=\"section\">\n\t\t\t\t\t\t\t<div class=\"elementor-background-overlay\"><\/div>\n\t\t\t\t\t\t\t<div class=\"elementor-container elementor-column-gap-default\">\n\t\t\t\t\t<div class=\"elementor-column elementor-col-100 elementor-top-column elementor-element elementor-element-ec1a2b8\" data-id=\"ec1a2b8\" data-element_type=\"column\" data-e-type=\"column\">\n\t\t\t<div class=\"elementor-widget-wrap elementor-element-populated\">\n\t\t\t\t\t\t<div class=\"elementor-element elementor-element-7dab5b5 elementor-widget elementor-widget-heading\" data-id=\"7dab5b5\" data-element_type=\"widget\" data-e-type=\"widget\" data-widget_type=\"heading.default\">\n\t\t\t\t\t<h2 class=\"elementor-heading-title elementor-size-default\">\nImpressum<\/h2>\t\t\t\t<\/div>\n\t\t\t\t<section class=\"elementor-section elementor-inner-section elementor-element elementor-element-57cdc44 elementor-reverse-mobile elementor-section-boxed elementor-section-height-default elementor-section-height-default\" data-id=\"57cdc44\" data-element_type=\"section\" data-e-type=\"section\">\n\t\t\t\t\t\t<div class=\"elementor-container elementor-column-gap-default\">\n\t\t\t\t\t<div class=\"elementor-column elementor-col-50 elementor-inner-column elementor-element elementor-element-b23ce5d\" data-id=\"b23ce5d\" data-element_type=\"column\" data-e-type=\"column\">\n\t\t\t<div class=\"elementor-widget-wrap elementor-element-populated\">\n\t\t\t\t\t\t<div class=\"elementor-element elementor-element-536bb7b elementor-widget elementor-widget-text-editor\" data-id=\"536bb7b\" data-element_type=\"widget\" data-e-type=\"widget\" data-widget_type=\"text-editor.default\">\n\t\t\t\t\t\t\t\t\t<p>Inhaber:<\/p>\t\t\t\t\t\t\t\t<\/div>\n\t\t\t\t<div class=\"elementor-element elementor-element-0d53551 elementor-widget elementor-widget-text-editor\" data-id=\"0d53551\" data-element_type=\"widget\" data-e-type=\"widget\" data-widget_type=\"text-editor.default\">\n\t\t\t\t\t\t\t\t\t<p>Dipl. Ing. Heike Jasper<\/p>\t\t\t\t\t\t\t\t<\/div>\n\t\t\t\t<div class=\"elementor-element elementor-element-b54d0bd elementor-widget elementor-widget-text-editor\" data-id=\"b54d0bd\" data-element_type=\"widget\" data-e-type=\"widget\" data-widget_type=\"text-editor.default\">\n\t\t\t\t\t\t\t\t\t<p>Anschrift:<\/p>\t\t\t\t\t\t\t\t<\/div>\n\t\t\t\t<div class=\"elementor-element elementor-element-522aa66 elementor-widget elementor-widget-text-editor\" data-id=\"522aa66\" data-element_type=\"widget\" data-e-type=\"widget\" data-widget_type=\"text-editor.default\">\n\t\t\t\t\t\t\t\t\t<p>Westduinen 61<\/p><p>1187JG Amstelveen<br \/>Niederlande<\/p><p>Firmensitz: Amstelveen, Niederlande<\/p><p>Diese Site ist ein Produkt von ALL ABOUT IMAGES.<\/p><p>KVK Nummer:\u00a058794344<\/p><p>Gesch\u00e4ftsf\u00fchrung: Dipl. Ing. Heike Jasper<\/p>\t\t\t\t\t\t\t\t<\/div>\n\t\t\t\t<div class=\"elementor-element elementor-element-4ca57e7 elementor-widget elementor-widget-text-editor\" data-id=\"4ca57e7\" data-element_type=\"widget\" data-e-type=\"widget\" data-widget_type=\"text-editor.default\">\n\t\t\t\t\t\t\t\t\t<p>Haftungsausschluss:<\/p>\t\t\t\t\t\t\t\t<\/div>\n\t\t\t\t<div class=\"elementor-element elementor-element-967c637 elementor-widget elementor-widget-text-editor\" data-id=\"967c637\" data-element_type=\"widget\" data-e-type=\"widget\" data-widget_type=\"text-editor.default\">\n\t\t\t\t\t\t\t\t\t<p>Inhalte der Website<\/p>\t\t\t\t\t\t\t\t<\/div>\n\t\t\t\t<div class=\"elementor-element elementor-element-fd27f35 elementor-widget elementor-widget-text-editor\" data-id=\"fd27f35\" data-element_type=\"widget\" data-e-type=\"widget\" data-widget_type=\"text-editor.default\">\n\t\t\t\t\t\t\t\t\t<p>Jegliche Gew\u00e4hr f\u00fcr die Aktualit\u00e4t, Korrektheit, Vollst\u00e4ndigkeit oder Qualit\u00e4t der bereitgestellten Informationen ist ausgeschlossen. Haftungsanspr\u00fcche, welche sich auf Sch\u00e4den materieller oder ideeller Art beziehen, die durch die Nutzung oder Nichtnutzung der dargebotenen Informationen bzw. durch die Nutzung fehlerhafter und unvollst\u00e4ndiger Informationen verursacht wurden sind ausgeschlossen. Alle Angebote sind freibleibend und unverbindlich. Es bleibt den Autoren vorbehalten, Teile der Seiten oder das gesamte Angebot ohne gesonderte Ank\u00fcndigung zu ver\u00e4ndern, zu erg\u00e4nzen, zu l\u00f6schen oder die Ver\u00f6ffentlichung zeitweise oder endg\u00fcltig einzustellen. Auf der Website verwendete Bilder oder Videos, die nicht von mir erstellt wurden, werden mit Quelle gekennzeichnet. Nicht gekennzeichnete Bilder wurden entweder von mir angefertigt oder zum Zweck der Verwendung auf der Seite von Adobe Stock, Pixabay oder Pexels erworben.<\/p>\t\t\t\t\t\t\t\t<\/div>\n\t\t\t\t<div class=\"elementor-element elementor-element-13fcba6 elementor-widget elementor-widget-text-editor\" data-id=\"13fcba6\" data-element_type=\"widget\" data-e-type=\"widget\" data-widget_type=\"text-editor.default\">\n\t\t\t\t\t\t\t\t\t<p>Links\u2028<\/p>\t\t\t\t\t\t\t\t<\/div>\n\t\t\t\t<div class=\"elementor-element elementor-element-78e6284 elementor-widget elementor-widget-text-editor\" data-id=\"78e6284\" data-element_type=\"widget\" data-e-type=\"widget\" data-widget_type=\"text-editor.default\">\n\t\t\t\t\t\t\t\t\t<p>Bei direkten oder indirekten Verweisen auf fremde Internetseiten (&#8222;Links&#8220;), die au\u00dferhalb des Verantwortungsbereiches der Autoren liegen, w\u00fcrde eine Haftungsverpflichtung ausschlie\u00dflich in dem Fall in Kraft treten, in dem die Autoren von den Inhalten Kenntnis haben und es ihnen technisch m\u00f6glich und zumutbar w\u00e4re, die Nutzung im Falle rechtswidriger Inhalte zu verhindern. Die Autoren erkl\u00e4ren daher ausdr\u00fccklich, dass zum Zeitpunkt der Linksetzung die entsprechenden verlinkten Seiten frei von illegalen Inhalten waren. Die Autoren haben keinerlei Einfluss auf die aktuelle und zuk\u00fcnftige Gestaltung und auf die Inhalte der gelinkten\/verkn\u00fcpften Seiten. Deshalb distanzieren wir uns hiermit ausdr\u00fccklich von allen Inhalten aller gelinkten \/verkn\u00fcpften Seiten, die nach der Linksetzung ver\u00e4ndert wurden. Diese Feststellung gilt f\u00fcr alle innerhalb des eigenen Internetangebotes gesetzten Links und Verweise sowie f\u00fcr Fremdeintr\u00e4ge in von den Autoren eingerichteten G\u00e4steb\u00fcchern, Diskussionsforen und Mailinglisten. F\u00fcr illegale, fehlerhafte oder unvollst\u00e4ndige Inhalte und insbesondere f\u00fcr Sch\u00e4den, die aus der Nutzung oder Nichtnutzung solcherart dargebotener Informationen entstehen, haftet allein der Anbieter der Seite, auf welche verwiesen wurde, nicht derjenige, der \u00fcber Links auf die jeweilige Ver\u00f6ffentlichung lediglich verweist.<\/p>\t\t\t\t\t\t\t\t<\/div>\n\t\t\t\t\t<\/div>\n\t\t<\/div>\n\t\t\t\t<div class=\"elementor-column elementor-col-50 elementor-inner-column elementor-element elementor-element-36cc45a\" data-id=\"36cc45a\" data-element_type=\"column\" data-e-type=\"column\">\n\t\t\t<div class=\"elementor-widget-wrap elementor-element-populated\">\n\t\t\t\t\t\t<div class=\"elementor-element elementor-element-e24ad6c elementor-widget__width-initial elementor-fixed elementor-hidden-phone elementor-widget elementor-widget-image\" data-id=\"e24ad6c\" data-element_type=\"widget\" data-e-type=\"widget\" data-settings=\"{&quot;_position&quot;:&quot;fixed&quot;}\" data-widget_type=\"image.default\">\n\t\t\t\t\t\t\t\t\t\t\t\t\t\t\t<img fetchpriority=\"high\" decoding=\"async\" width=\"730\" height=\"1024\" src=\"https:\/\/allaboutimages.eu\/wp-content\/uploads\/2021\/04\/Effecdc22345-730x1024.png\" class=\"attachment-large size-large wp-image-5502\" alt=\"302984832wqe\" srcset=\"https:\/\/allaboutimages.eu\/wp-content\/uploads\/2021\/04\/Effecdc22345-730x1024.png 730w, https:\/\/allaboutimages.eu\/wp-content\/uploads\/2021\/04\/Effecdc22345-214x300.png 214w, https:\/\/allaboutimages.eu\/wp-content\/uploads\/2021\/04\/Effecdc22345-768x1078.png 768w, https:\/\/allaboutimages.eu\/wp-content\/uploads\/2021\/04\/Effecdc22345-1094x1536.png 1094w, https:\/\/allaboutimages.eu\/wp-content\/uploads\/2021\/04\/Effecdc22345-1459x2048.png 1459w\" sizes=\"(max-width: 730px) 100vw, 730px\" title=\"302984832wqe\">\t\t\t\t\t\t\t\t\t\t\t\t\t\t\t<\/div>\n\t\t\t\t<div class=\"elementor-element elementor-element-cf235f9 elementor-hidden-desktop elementor-hidden-tablet elementor-widget elementor-widget-image\" data-id=\"cf235f9\" data-element_type=\"widget\" data-e-type=\"widget\" data-widget_type=\"image.default\">\n\t\t\t\t\t\t\t\t\t\t\t\t\t\t\t<img fetchpriority=\"high\" decoding=\"async\" width=\"730\" height=\"1024\" src=\"https:\/\/allaboutimages.eu\/wp-content\/uploads\/2021\/04\/Effecdc22345-730x1024.png\" class=\"attachment-large size-large wp-image-5502\" alt=\"302984832wqe\" srcset=\"https:\/\/allaboutimages.eu\/wp-content\/uploads\/2021\/04\/Effecdc22345-730x1024.png 730w, https:\/\/allaboutimages.eu\/wp-content\/uploads\/2021\/04\/Effecdc22345-214x300.png 214w, https:\/\/allaboutimages.eu\/wp-content\/uploads\/2021\/04\/Effecdc22345-768x1078.png 768w, https:\/\/allaboutimages.eu\/wp-content\/uploads\/2021\/04\/Effecdc22345-1094x1536.png 1094w, https:\/\/allaboutimages.eu\/wp-content\/uploads\/2021\/04\/Effecdc22345-1459x2048.png 1459w\" sizes=\"(max-width: 730px) 100vw, 730px\" title=\"302984832wqe\">\t\t\t\t\t\t\t\t\t\t\t\t\t\t\t<\/div>\n\t\t\t\t\t<\/div>\n\t\t<\/div>\n\t\t\t\t\t<\/div>\n\t\t<\/section>\n\t\t\t\t\t<\/div>\n\t\t<\/div>\n\t\t\t\t\t<\/div>\n\t\t<\/section>\n\t\t\t\t<\/div>","protected":false},"excerpt":{"rendered":"<p>Impressum Inhaber: Dipl. Ing. Heike Jasper Anschrift: Westduinen 61 1187JG AmstelveenNiederlande Firmensitz: Amstelveen, Niederlande Diese Site ist ein Produkt von ALL ABOUT IMAGES. KVK Nummer:\u00a058794344 Gesch\u00e4ftsf\u00fchrung: Dipl. Ing. Heike Jasper Haftungsausschluss: Inhalte der Website Jegliche Gew\u00e4hr f\u00fcr die Aktualit\u00e4t, Korrektheit, Vollst\u00e4ndigkeit oder Qualit\u00e4t der bereitgestellten Informationen ist ausgeschlossen. Haftungsanspr\u00fcche, welche sich auf Sch\u00e4den materieller oder [&hellip;]<\/p>\n","protected":false},"author":1,"featured_media":0,"parent":0,"menu_order":0,"comment_status":"closed","ping_status":"closed","template":"elementor_header_footer","meta":{"iawp_total_views":144,"footnotes":""},"class_list":["post-5906","page","type-page","status-publish","hentry"],"_links":{"self":[{"href":"https:\/\/allaboutimages.eu\/nl\/wp-json\/wp\/v2\/pages\/5906","targetHints":{"allow":["GET"]}}],"collection":[{"href":"https:\/\/allaboutimages.eu\/nl\/wp-json\/wp\/v2\/pages"}],"about":[{"href":"https:\/\/allaboutimages.eu\/nl\/wp-json\/wp\/v2\/types\/page"}],"author":[{"embeddable":true,"href":"https:\/\/allaboutimages.eu\/nl\/wp-json\/wp\/v2\/users\/1"}],"replies":[{"embeddable":true,"href":"https:\/\/allaboutimages.eu\/nl\/wp-json\/wp\/v2\/comments?post=5906"}],"version-history":[{"count":44,"href":"https:\/\/allaboutimages.eu\/nl\/wp-json\/wp\/v2\/pages\/5906\/revisions"}],"predecessor-version":[{"id":10308,"href":"https:\/\/allaboutimages.eu\/nl\/wp-json\/wp\/v2\/pages\/5906\/revisions\/10308"}],"wp:attachment":[{"href":"https:\/\/allaboutimages.eu\/nl\/wp-json\/wp\/v2\/media?parent=5906"}],"curies":[{"name":"wp","href":"https:\/\/api.w.org\/{rel}","templated":true}]}}