{"id":7489,"date":"2022-10-12T14:55:00","date_gmt":"2022-10-12T13:55:00","guid":{"rendered":"https:\/\/allaboutimages.eu\/?page_id=7489"},"modified":"2025-07-02T14:40:09","modified_gmt":"2025-07-02T13:40:09","slug":"dankeseite-webiniar-bildauswahl","status":"publish","type":"page","link":"https:\/\/allaboutimages.eu\/nl\/dankeseite-webiniar-bildauswahl\/","title":{"rendered":"Dankeseite Webinar Bildauswahl"},"content":{"rendered":"<div data-elementor-type=\"wp-page\" data-elementor-id=\"7489\" class=\"elementor elementor-7489\" data-elementor-post-type=\"page\">\n\t\t\t\t\t\t<section class=\"elementor-section elementor-top-section elementor-element elementor-element-7954b9 elementor-section-boxed elementor-section-height-default elementor-section-height-default\" data-id=\"7954b9\" data-element_type=\"section\" data-e-type=\"section\" data-settings=\"{&quot;background_background&quot;:&quot;classic&quot;}\">\n\t\t\t\t\t\t\t<div class=\"elementor-background-overlay\"><\/div>\n\t\t\t\t\t\t\t<div class=\"elementor-container elementor-column-gap-default\">\n\t\t\t\t\t<div class=\"elementor-column elementor-col-100 elementor-top-column elementor-element elementor-element-2e4bb3c0\" data-id=\"2e4bb3c0\" data-element_type=\"column\" data-e-type=\"column\">\n\t\t\t<div class=\"elementor-widget-wrap elementor-element-populated\">\n\t\t\t\t\t\t<div class=\"elementor-element elementor-element-163aa255 elementor-widget elementor-widget-heading\" data-id=\"163aa255\" data-element_type=\"widget\" data-e-type=\"widget\" data-widget_type=\"heading.default\">\n\t\t\t\t\t<p class=\"elementor-heading-title elementor-size-default\">Danke f\u00fcr dein Interesse<\/p>\t\t\t\t<\/div>\n\t\t\t\t<div class=\"elementor-element elementor-element-5abfd6ec elementor-widget elementor-widget-heading\" data-id=\"5abfd6ec\" data-element_type=\"widget\" data-e-type=\"widget\" data-widget_type=\"heading.default\">\n\t\t\t\t\t<h1 class=\"elementor-heading-title elementor-size-default\">Du hast es fast geschafft ...<\/h1>\t\t\t\t<\/div>\n\t\t\t\t<div class=\"elementor-element elementor-element-b067b4d elementor-widget elementor-widget-image\" data-id=\"b067b4d\" data-element_type=\"widget\" data-e-type=\"widget\" data-widget_type=\"image.default\">\n\t\t\t\t\t\t\t\t\t\t\t\t\t\t\t<img fetchpriority=\"high\" decoding=\"async\" width=\"768\" height=\"512\" src=\"https:\/\/allaboutimages.eu\/wp-content\/uploads\/2022\/12\/board-1647323_1280-768x512.jpg\" class=\"attachment-medium_large size-medium_large wp-image-8425\" alt=\"302984832wqe\" srcset=\"https:\/\/allaboutimages.eu\/wp-content\/uploads\/2022\/12\/board-1647323_1280-768x512.jpg 768w, https:\/\/allaboutimages.eu\/wp-content\/uploads\/2022\/12\/board-1647323_1280-300x200.jpg 300w, https:\/\/allaboutimages.eu\/wp-content\/uploads\/2022\/12\/board-1647323_1280-1024x682.jpg 1024w, https:\/\/allaboutimages.eu\/wp-content\/uploads\/2022\/12\/board-1647323_1280-18x12.jpg 18w, https:\/\/allaboutimages.eu\/wp-content\/uploads\/2022\/12\/board-1647323_1280.jpg 1280w\" sizes=\"(max-width: 768px) 100vw, 768px\" title=\"302984832wqe\">\t\t\t\t\t\t\t\t\t\t\t\t\t\t\t<\/div>\n\t\t\t\t<div class=\"elementor-element elementor-element-be50595 elementor-widget elementor-widget-heading\" data-id=\"be50595\" data-element_type=\"widget\" data-e-type=\"widget\" data-widget_type=\"heading.default\">\n\t\t\t\t\t<h1 class=\"elementor-heading-title elementor-size-default\">Bitte best\u00e4tige deine E-Mail-Adresse!<\/h1>\t\t\t\t<\/div>\n\t\t\t\t<div class=\"elementor-element elementor-element-d5efdb elementor-widget elementor-widget-text-editor\" data-id=\"d5efdb\" data-element_type=\"widget\" data-e-type=\"widget\" data-widget_type=\"text-editor.default\">\n\t\t\t\t\t\t\t\t\t<p style=\"text-align: center;\"><b>Schritt 1: Best\u00e4tigen<\/b><\/p><p style=\"text-align: center;\">Gehe in dein\u00a0E-Mail-Postfach\u00a0und\u00a0best\u00e4tige deine E-Mail-Adresse\u00a0dort \u00fcber die Best\u00e4tigungs-E-Mail, die ich dir gesendet habe (<b>Schaue auch im Spam-Ordner<\/b>).<\/p><p style=\"text-align: center;\">\u00a0<\/p><p style=\"text-align: center;\">\u00a0<\/p><p style=\"text-align: center;\"><b>Schritt 2: Link und Termin abspeichern<\/b><\/p><p style=\"text-align: center;\">Direkt nach der Best\u00e4tigung deiner E-Mail-Adresse erh\u00e4ltst du eine\u00a0zweite E-Mail\u00a0mit dem\u00a0Link zu deinem 0 Euro Webinar.<\/p><p style=\"text-align: center;\">\u00a0<\/p><p style=\"text-align: center;\">\u00a0<\/p><p style=\"text-align: center;\"><b>Schritt 3:<\/b>\u00a0<b>Teilnehmen<\/b><\/p><p style=\"text-align: center;\">Mit dem enthaltenen Zoom-Link\u00a0kannst du dann am Webinar gratis teilnehmen.<\/p><p style=\"text-align: center;\">Mit der Anmeldung erkl\u00e4rst du dich mit der Aufzeichnung des Webinares einverstanden!<\/p>\t\t\t\t\t\t\t\t<\/div>\n\t\t\t\t\t<\/div>\n\t\t<\/div>\n\t\t\t\t\t<\/div>\n\t\t<\/section>\n\t\t\t\t<section class=\"elementor-section elementor-top-section elementor-element elementor-element-248b98f3 elementor-section-boxed elementor-section-height-default elementor-section-height-default\" data-id=\"248b98f3\" data-element_type=\"section\" data-e-type=\"section\" data-settings=\"{&quot;background_background&quot;:&quot;classic&quot;}\">\n\t\t\t\t\t\t\t<div class=\"elementor-background-overlay\"><\/div>\n\t\t\t\t\t\t\t<div class=\"elementor-container elementor-column-gap-default\">\n\t\t\t\t\t<div class=\"elementor-column elementor-col-100 elementor-top-column elementor-element elementor-element-67ecb77a\" data-id=\"67ecb77a\" data-element_type=\"column\" data-e-type=\"column\" data-settings=\"{&quot;background_background&quot;:&quot;slideshow&quot;,&quot;background_slideshow_gallery&quot;:[],&quot;background_slideshow_loop&quot;:&quot;yes&quot;,&quot;background_slideshow_slide_duration&quot;:5000,&quot;background_slideshow_slide_transition&quot;:&quot;fade&quot;,&quot;background_slideshow_transition_duration&quot;:500}\">\n\t\t\t<div class=\"elementor-widget-wrap elementor-element-populated\">\n\t\t\t\t\t\t<div class=\"elementor-element elementor-element-5f3658 elementor-widget elementor-widget-text-editor\" data-id=\"5f3658\" data-element_type=\"widget\" data-e-type=\"widget\" data-widget_type=\"text-editor.default\">\n\t\t\t\t\t\t\t\t\t<p class=\"text-align-center font-scale-4 line-height-scale-3\" style=\"text-align: center;\" data-pm-slice=\"0 0 []\"><a href=\"https:\/\/allaboutimages.eu\/nl\/datenschutz\/\"><u>Datenschutzerkl\u00e4rung<\/u><\/a> | <a href=\"https:\/\/allaboutimages.eu\/nl\/impressum\/\"><u>Impressum<\/u><\/a> | <a href=\"https:\/\/allaboutimages.eu\/nl\/agb\/\"><u>AGB<\/u><\/a> | Copyright \u00a9 2025<\/p>\t\t\t\t\t\t\t\t<\/div>\n\t\t\t\t\t<\/div>\n\t\t<\/div>\n\t\t\t\t\t<\/div>\n\t\t<\/section>\n\t\t\t\t<\/div>","protected":false},"excerpt":{"rendered":"<p>Danke f\u00fcr dein Interesse Du hast es fast geschafft &#8230; Bitte best\u00e4tige deine E-Mail-Adresse! Schritt 1: Best\u00e4tigen Gehe in dein\u00a0E-Mail-Postfach\u00a0und\u00a0best\u00e4tige deine E-Mail-Adresse\u00a0dort \u00fcber die Best\u00e4tigungs-E-Mail, die ich dir gesendet habe (Schaue auch im Spam-Ordner). \u00a0 \u00a0 Schritt 2: Link und Termin abspeichern Direkt nach der Best\u00e4tigung deiner E-Mail-Adresse erh\u00e4ltst du eine\u00a0zweite E-Mail\u00a0mit dem\u00a0Link zu deinem [&hellip;]<\/p>\n","protected":false},"author":4,"featured_media":0,"parent":0,"menu_order":0,"comment_status":"closed","ping_status":"closed","template":"","meta":{"iawp_total_views":36,"footnotes":""},"class_list":["post-7489","page","type-page","status-publish","hentry"],"_links":{"self":[{"href":"https:\/\/allaboutimages.eu\/nl\/wp-json\/wp\/v2\/pages\/7489","targetHints":{"allow":["GET"]}}],"collection":[{"href":"https:\/\/allaboutimages.eu\/nl\/wp-json\/wp\/v2\/pages"}],"about":[{"href":"https:\/\/allaboutimages.eu\/nl\/wp-json\/wp\/v2\/types\/page"}],"author":[{"embeddable":true,"href":"https:\/\/allaboutimages.eu\/nl\/wp-json\/wp\/v2\/users\/4"}],"replies":[{"embeddable":true,"href":"https:\/\/allaboutimages.eu\/nl\/wp-json\/wp\/v2\/comments?post=7489"}],"version-history":[{"count":66,"href":"https:\/\/allaboutimages.eu\/nl\/wp-json\/wp\/v2\/pages\/7489\/revisions"}],"predecessor-version":[{"id":11051,"href":"https:\/\/allaboutimages.eu\/nl\/wp-json\/wp\/v2\/pages\/7489\/revisions\/11051"}],"wp:attachment":[{"href":"https:\/\/allaboutimages.eu\/nl\/wp-json\/wp\/v2\/media?parent=7489"}],"curies":[{"name":"wp","href":"https:\/\/api.w.org\/{rel}","templated":true}]}}