{"id":7666,"date":"2022-10-23T15:33:33","date_gmt":"2022-10-23T14:33:33","guid":{"rendered":"https:\/\/allaboutimages.eu\/?page_id=7666"},"modified":"2023-07-12T11:53:46","modified_gmt":"2023-07-12T10:53:46","slug":"agb","status":"publish","type":"page","link":"https:\/\/allaboutimages.eu\/nl\/agb\/","title":{"rendered":"AGB"},"content":{"rendered":"<div data-elementor-type=\"wp-page\" data-elementor-id=\"7666\" class=\"elementor elementor-7666\" data-elementor-post-type=\"page\">\n\t\t\t\t\t\t<section class=\"elementor-section elementor-top-section elementor-element elementor-element-b92b08d elementor-section-boxed elementor-section-height-default elementor-section-height-default\" data-id=\"b92b08d\" data-element_type=\"section\" data-e-type=\"section\">\n\t\t\t\t\t\t<div class=\"elementor-container elementor-column-gap-default\">\n\t\t\t\t\t<div class=\"elementor-column elementor-col-100 elementor-top-column elementor-element elementor-element-afec327\" data-id=\"afec327\" data-element_type=\"column\" data-e-type=\"column\">\n\t\t\t<div class=\"elementor-widget-wrap elementor-element-populated\">\n\t\t\t\t\t\t<div class=\"elementor-element elementor-element-e7c8537 elementor-widget elementor-widget-heading\" data-id=\"e7c8537\" data-element_type=\"widget\" data-e-type=\"widget\" data-widget_type=\"heading.default\">\n\t\t\t\t\t<h2 class=\"elementor-heading-title elementor-size-default\">AGB <\/h2>\t\t\t\t<\/div>\n\t\t\t\t\t<\/div>\n\t\t<\/div>\n\t\t\t\t\t<\/div>\n\t\t<\/section>\n\t\t\t\t<section class=\"elementor-section elementor-top-section elementor-element elementor-element-de4cac5 elementor-section-boxed elementor-section-height-default elementor-section-height-default\" data-id=\"de4cac5\" data-element_type=\"section\" data-e-type=\"section\">\n\t\t\t\t\t\t<div class=\"elementor-container elementor-column-gap-default\">\n\t\t\t\t\t<div class=\"elementor-column elementor-col-100 elementor-top-column elementor-element elementor-element-2ea8c62\" data-id=\"2ea8c62\" data-element_type=\"column\" data-e-type=\"column\">\n\t\t\t<div class=\"elementor-widget-wrap elementor-element-populated\">\n\t\t\t\t\t\t<div class=\"elementor-element elementor-element-2a18144 elementor-widget__width-initial elementor-widget elementor-widget-text-editor\" data-id=\"2a18144\" data-element_type=\"widget\" data-e-type=\"widget\" data-widget_type=\"text-editor.default\">\n\t\t\t\t\t\t\t\t\t<h4>Allgemeine Gesch\u00e4ftsbedingungen &nbsp;\/ ALL ABOUT IMAGES<\/h4>\n<p><br><\/p>\n<h5>1. Allgemeines<\/h5>\n<p><br><\/p>\n<p>1.1 Die vorliegenden Allgemeinen Gesch\u00e4ftsbedingungen (AGB) enthalten die zwischen uns, der <b>All About Images<\/b>, Westduinen 61, 1187 JG Amstelveen, Niederlande (im Folgenden \u201eVerk\u00e4ufer\u201c oder \u201ewir\u201c) und einem Verbraucher oder Unternehmer (im Folgenden \u201eKunden\u201c) ausschlie\u00dflich geltenden Bedingungen f\u00fcr den Kauf der angebotenen Waren und Dienstleistungen, soweit diese nicht durch schriftliche Vereinbarungen zwischen den Parteien abge\u00e4ndert werden.<\/p>\n<p><br><\/p>\n<p>Verbraucher im Sinne dieser AGB ist jede nat\u00fcrliche Person, die ein Rechtsgesch\u00e4ft zu Zwecken abschlie\u00dft, die \u00fcberwiegend weder ihrer gewerblichen noch ihrer selbst\u00e4ndigen beruflichen T\u00e4tigkeit zugerechnet werden k\u00f6nnen. Unternehmer im Sinne dieser AGB ist eine nat\u00fcrliche oder juristische Person oder eine rechtsf\u00e4hige Personengesellschaft, die bei Abschluss eines Rechtsgesch\u00e4fts in Aus\u00fcbung ihrer gewerblichen oder selbst\u00e4ndigen beruflichen T\u00e4tigkeit handelt.<\/p>\n<p><br><\/p>\n<p>1.2. \u00c4nderungen dieser Gesch\u00e4ftsbedingungen werden dem Kunden schriftlich oder per E-Mail mitgeteilt. Widerspricht der Kunde dieser \u00c4nderung nicht innerhalb von vier Wochen nach Zugang der Mitteilung, gelten die \u00c4nderungen durch den Kunden als anerkannt.<\/p>\n<p><br><\/p>\n<p><br><\/p>\n<h5>2. Vertragsschluss<\/h5>\n<p><br><\/p>\n<p>2.1. Die Pr\u00e4sentation der angebotenen Waren und Dienstleistungen stellt kein bindendes Angebot des Verk\u00e4ufers dar. Erst die Bestellung einer Ware oder Dienstleistung durch den Kunden stellt ein bindendes Angebot nach \u00a7 145 BGB dar. Im Falle der Annahme des Kaufangebots durch den Verk\u00e4ufer versendet dieser an den Kunden eine Auftragsbest\u00e4tigung per E-Mail.<\/p>\n<p><br><\/p>\n<p>2.2. Nach der Abgabe des Angebots und erfolgreichem Abschluss der Bestellung, erh\u00e4lt der Kunde eine Kaufbest\u00e4tigung per E-Mail mit den relevanten Daten. Der Kunde stellt sicher, dass die von ihm eingegebene E-Mail-Adresse korrekt ist.<\/p>\n<p><br><\/p>\n<p>2.3. W\u00e4hrend des Bestellprozesses hat der Kunde die M\u00f6glichkeit sterben eingegebenen Eingaben zu korrigieren. Vor Abschluss des Bestellprozesses erh\u00e4lt der Kunde eine Zusammenfassung aller Bestelldetails und erh\u00e4lt die Gelegenheit seine Angaben zu \u00fcberpr\u00fcfen.<\/p>\n<p><br><\/p>\n<p>2.4. Der Vertragsschluss erfolgt in deutscher Sprache.<\/p>\n<p><br><\/p>\n<p>2.5. Eine Kontaktaufnahme des Kunden durch den Verk\u00e4ufer erfolgt per E-Mail.<\/p>\n<p><br><\/p>\n<p>2.6. Bei digitalen G\u00fctern r\u00e4umt der Verk\u00e4ufer dem Kunden ein nicht ausschlie\u00dfliches, \u00f6rtlich und zeitlich unbeschr\u00e4nktes Recht ein, die \u00fcberlassenen digitalen Inhalte nur zu privaten Zwecken zu nutzen. Eine Weitergabe der Inhalte an Dritte, sowie eine Vervielf\u00e4ltigung f\u00fcr Dritte ist nicht gestattet, sofern keine Erlaubnis seitens des Verk\u00e4ufers erteilt wurde.<\/p>\n<p><br><\/p>\n<p><br><\/p>\n<h5>3. Zahlungsbedingungen<\/h5>\n<p>3.1. Der Kaufpreis wird sofort mit Bestellung f\u00e4llig. Die Zahlung der Ware erfolgt mittels der zur Verf\u00fcgung gestellten Zahlungsarten.<\/p>\n<p><br><\/p>\n<p>3.2. Es gelten die zum Zeitpunkt der Bestellung angegebenen Preise. Die in den Preisinformationen genannten Preise enthalten die gesetzliche Umsatzsteuer.<\/p>\n<p><br><\/p>\n<p>3.3. Gegen Forderungen des Verk\u00e4ufers kann der Kunde nur mit unbestrittenen oder rechtskr\u00e4ftig festgestellten oder entscheidungsreifen Gegenanspr\u00fcchen aufrechnen.<\/p>\n<p><br><\/p>\n<p><br><\/p>\n<h5>4. Versandbedingungen<\/h5>\n<p><br><\/p>\n<p>4.1. Der Versand der bestellten Ware erfolgt gem\u00e4\u00df den getroffenen Vereinbarungen. Anfallende Versandkosten sind jeweils bei der Produktbeschreibung aufgef\u00fchrt und werden gesondert auf der Rechnung ausgewiesen.<\/p>\n<p><br><\/p>\n<p>4.2. Digitale G\u00fcter werden dem Kunden in elektronischer Form entweder als Download oder per E-Mail zur Verf\u00fcgung gestellt.<\/p>\n<p><br><\/p>\n<p><br><\/p>\n<h5>5. Widerrufsrecht<\/h5>\n<p><br><\/p>\n<p>Handelt ein Kunde als Verbraucher gem. \u00a713 BGB, steht ihm grunds\u00e4tzlich ein gesetzliches Widerrufsrecht zu. Handelt ein Kunde als Unternehmer gem. \u00a714 BGB bei Aus\u00fcbung seiner gewerblichen oder selbst\u00e4ndigen beruflichen T\u00e4tigkeit, steht ihm kein gesetzliches Widerrufsrecht zu. N\u00e4here Informationen zum Widerrufsrecht ergeben sich aus der Widerrufsbelehrung auf der Bezahlseite des Produktes.<\/p>\n<p><br><\/p>\n<p><br><\/p>\n<h5>6. Offline-Events<\/h5>\n<p><br><\/p>\n<p>Erwirbt der Kunde ein Ticket zu einem Offline-Event, zum Beispiel f\u00fcr einen Present-Workshops, gelten folgende Bestimmungen:<\/p>\n<p><br><\/p>\n<p>Aus zwingenden organisatorischen oder wirtschaftlichen Gr\u00fcnden, die nicht von dem Veranstalter zu vertreten sind, beh\u00e4lt sich der Veranstalter das Recht vor, eine Veranstaltung abzusagen. In diesem Fall WIRD der Veranstalter den Kunden umgehend informieren sowie die Tickets auf eine Folgeveranstaltung umbuchen. Ausfallkosten, gegen die sich der Teilnehmer versichern k\u00f6nnte (Ticketversicherung, Reiser\u00fccktrittskostenversicherung etc.), werden auf keinen Fall erstattet.<\/p>\n<p><br><\/p>\n<p>Im Falle h\u00f6herer Gewalt oder beh\u00f6rdlicher Absage der Veranstaltung ist eine Haftung durch den Veranstalter ausgeschlossen.<\/p>\n<p><br><\/p>\n<p>Eine Haftung f\u00fcr Stornierungs- oder Umbuchungsgeb\u00fchren f\u00fcr vom Kunden gebuchte Transportmittel oder \u00dcbernachtungskosten ist ausgeschlossen.<\/p>\n<p style=\"margin: 0cm 0cm 0.0001pt; font-size: medium; font-family: &quot;Times New Roman&quot;, serif; caret-color: rgb(0, 0, 0); color: rgb(0, 0, 0);\"><span style=\"font-size: 9pt; font-family: Montserrat;\">6.a Mit der Teilnahme am Workshop erkennt der Teilnehmer die Gesch\u00e4ftsbedingungen ausdr\u00fccklich an!<o:p><\/o:p><\/span><\/p>\n<p style=\"margin: 0cm 0cm 0.0001pt; font-size: medium; font-family: &quot;Times New Roman&quot;, serif; caret-color: rgb(0, 0, 0); color: rgb(0, 0, 0);\"><span style=\"font-size: 9pt; font-family: Montserrat;\">6.b) Da es sich bei Fotoworkshops um Freizeitveranstaltungen handelt, unterliegt die Buchung eines Workshops nicht dem Widerrufs- und R\u00fcckgaberecht eines Fernabsatzvertrages (\u00a7 312b BGB). Dadurch ist jede Buchung eines Workshops nach entsprechender Best\u00e4tigung verbindlich und verpflichtet grunds\u00e4tzlich zur Abnahme der Leistung (Teilnahme) und Bezahlung des gebuchten Workshops.<br><br>6.c) Unabh\u00e4ngig hiervon r\u00e4umt der Workshop-Veranstalter den Teilnehmern folgende Rechte ein:<br><br>Geht die R\u00fccktrittserkl\u00e4rung (Abmeldung) bis zu 14 Tage vorher schriftlich bei dem Workshop-Veranstalter ein, ist der h\u00e4lftige Workshop-Preis zu zahlen und mit Abschluss des gebuchten Workshops zur Zahlung f\u00e4llig. Geleistete Anzahlungen werden verrechnet. Unter 14 Tagen ist der vollst\u00e4ndige Workshop-Preis zu entrichten.<br><br>Ein Ersatzteilnehmer kann zu jedem Zeitpunkt, sp\u00e4testens jedoch bis zu einem Tag vor dem Workshop-Termin, gestellt werden. Der Ersatzteilnehmer ist dem Workshop-Veranstalter schriftlich bekannt zu geben.<br><br>6.d) Sofern ein Teilnehmer ohne entsprechende schriftliche R\u00fccktrittserkl\u00e4rung (Abmeldung) dem Workshop fernbleibt, ist der vollst\u00e4ndige Workshop-Preis zu entrichten, genau so, als habe der Teilnehmer an der Veranstaltung teilgenommen. Dies gilt auch f\u00fcr den Fall, dass bei mehrt\u00e4tigen Workshops nicht alle Veranstaltungstage durch den Teilnehmer wahrgenommen werden oder eine anderweitige partielle Teilnahme stattfindet. Geleistete Anzahlungen werden verrechnet.<br><br>6.e) Die Zahlung der vollst\u00e4ndigen Workshop-Geb\u00fchr ist mit Abschluss des gebuchten Workshops f\u00e4llig. Teilnehmer, die bis zu diesem Zeitpunkt Zahlungen nicht vollst\u00e4ndig entrichtet haben, geraten ab dem Folgetag in Verzug.<br><br>6.f) Der Veranstalter ist berechtigt, Workshops aus wichtigen Gr\u00fcnden abzusagen. Die Teilnehmer werden hiervon per E-Mail in Kenntnis gesetzt.<br><br>Wichtige Gr\u00fcnde sind:<br><br>ungen\u00fcgende Beteiligung<br>Erkrankung von Dozenten und Trainern<br>h\u00f6here Gewalt oder zum Workshop unpassenden Rahmenbedingungen (Demonstrationen, Gewalt, Wetter etc.)<br><br>Erscheint durch h\u00f6here Gewalt oder andere, nicht durch den Veranstalter zu vertretende Ursachen, ein Workshop oder ein Teil eines Workshops als nicht durchf\u00fchrbar, so findet ein Ersatztermin statt.<o:p><\/o:p><\/span><\/p><p style=\"margin: 0cm 0cm 0.0001pt; font-size: medium; font-family: &quot;Times New Roman&quot;, serif; caret-color: rgb(0, 0, 0); color: rgb(0, 0, 0);\"><span style=\"font-size: 9pt; font-family: Montserrat;\">&nbsp;<o:p><\/o:p><\/span><\/p><p style=\"margin: 0cm 0cm 0.0001pt; font-size: medium; font-family: &quot;Times New Roman&quot;, serif; caret-color: rgb(0, 0, 0); color: rgb(0, 0, 0);\"><span style=\"font-size: 9pt; font-family: Montserrat;\">6.f) Gewerbliche Nutzung der auf dem Workshop entstandenen Fotos ist nur durch ausdr\u00fcckliche Zustimmung des Veranstalters zul\u00e4ssig.<o:p><\/o:p><\/span><\/p><p style=\"margin: 0cm 0cm 0.0001pt; font-size: medium; font-family: &quot;Times New Roman&quot;, serif; caret-color: rgb(0, 0, 0); color: rgb(0, 0, 0);\"><span style=\"font-size: 9pt; font-family: Montserrat;\"><o:p>&nbsp;<\/o:p><\/span><\/p>\n<h5>7. Gew\u00e4hrleistung<\/h5>\n<p><br><\/p>\n<p>Sobald die gelieferte Ware mangelhaft ist, ist der Kunde im Rahmen der gesetzlichen Bestimmungen zul\u00e4ssig, Nacherf\u00fcllung zu verlangen, von dem Vertrag zur\u00fcckzutreten bzw. den Vertrag zu beenden, den Kaufpreis zu mindern, Schadensersatz oder den Ersatz vergeblicher verlangen zu verlangen. Vor dem Kauf mitgeteilte M\u00e4ngel stellen keinen Gew\u00e4hrleistungsfall dar. Die Verj\u00e4hrungsfrist von Gew\u00e4hrleistungsanspr\u00fcchen f\u00fcr die gelieferte Ware betr\u00e4gt zwei Jahre ab Erhalt der Ware.<\/p>\n<p><br><\/p>\n<p><br><\/p>\n<h5>8. Haftungsbeschr\u00e4nkung<\/h5>\n<p><br><\/p>\n<p>8.1. Der Verk\u00e4ufer haftet f\u00fcr Vorsatz und grobe Fahrl\u00e4ssigkeit. Ferner erm\u00f6glicht der Verk\u00e4ufer f\u00fcr die fahrl\u00e4ssige Verletzung von Pflichten, deren Erf\u00fcllung die ordnungsgem\u00e4\u00dfe Durchf\u00fchrung des Vertrages \u00fcberhaupt erst, deren Verletzung die erhebliche des Vertragszwecks gef\u00e4hrdet und auf deren Einhaltung ein Kunde regelm\u00e4\u00dfig vertraut. Im letztgenannten Fall haftet der Verk\u00e4ufer jedoch nur f\u00fcr den vorhersehbaren, vertragstypischen Schaden. Der Verk\u00e4ufer haftet nicht f\u00fcr die leicht fahrl\u00e4ssige Verletzung anderer als der in den vollst\u00e4ndigen S\u00e4tzen genannten Pflichten.<\/p>\n<p><br><\/p>\n<p>8.2. Die vollst\u00e4ndigen Haftungsausschl\u00fcsse gelten nicht bei Verletzung von Leben, K\u00f6rper und Gesundheit. Die Haftung nach dem Produkthaftungsgesetz bleibt unber\u00fchrt.<\/p>\n<p><br><\/p>\n<p>8.3. Die Datenkommunikation \u00fcber das Internet kann nach dem derzeitigen Stand der Technik nicht fehlerfrei und\/oder jederzeit verf\u00fcgbar werden. Der Verk\u00e4ufer haftet insoweit weder f\u00fcr sterben st\u00e4ndige und ununterbrochene Verf\u00fcgbarkeit des Online-Handelsystems und der Onlineangebote.<\/p>\n<p><br><\/p>\n<p>8.4. Die Europ\u00e4ische Kommission stellt eine Plattform zur Online-Streitbeilegung (OS) bereit, die Sie unter http:\/\/ec.europa.eu\/consumers\/odr finden. Wir nehmen nicht an einem Streitbeilegungsverfahren vor einer Verbraucherschlichtungsstelle teil.<\/p>\n<p><br><\/p>\n<p><br><\/p>\n<h5>9. Schlussbestimmungen<\/h5>\n<p><br><\/p>\n<p>9.1. \u00c4nderungen oder Erg\u00e4nzungen dieser Gesch\u00e4ftsbedingungen bed\u00fcrfen der Schriftform. Dies gilt auch f\u00fcr die Aufhebung dieses Schriftformerfordernisses.<\/p>\n<p><br><\/p>\n<p>9.2. Es gilt das Recht der Bundesrepublik Deutschland unter Ausschluss des UN-Kaufrechts. Zwingende Bestimmungen des Staates, in dem ein Verbraucher seinen gew\u00f6hnlichen Aufenthalt hat, bleiben \u00fcbrig.<\/p>\n<p><br><\/p>\n<p>9.3. Sobald ein Verbraucher bei Abschluss des Vertrages seines Wohnsitzes oder gew\u00f6hnlichen Aufenthalts in Deutschland hatte und voraussichtlich zum Zeitpunkt der Klageerhebung gef\u00fchrt hat oder seinen Aufenthaltsort zu diesem Zeitpunkt unbekannt ist, ist Gerichtsstand f\u00fcr alle Streitigkeiten der Gesch\u00e4ftssitz des Verk\u00e4ufers.<\/p>\n<p><br><\/p>\n<p>Wenn ein Verbraucher seinen Wohnsitz oder gew\u00f6hnlichen Aufenthalt nicht in einem Mitgliedsstaat der Europ\u00e4ischen Union hat, sind f\u00fcr alle Streitigkeiten die Gerichte am Gesch\u00e4ftssitz des Verk\u00e4ufers ausschlie\u00dflich zust\u00e4ndig.<\/p>\n<p><br><\/p>\n<p>Handelt der Kunde als Kaufmann, juristische Person des \u00f6ffentlichen Rechts oder \u00f6ffentlich-rechtliches Sonderverm\u00f6gen mit Sitz im Hoheitsgebiet der Bundesrepublik Deutschland, ist ausschlie\u00dflicher Gerichtsstand f\u00fcr alle Streitigkeiten aus diesem Vertrag der Gesch\u00e4ftssitz des Verk\u00e4ufers.<\/p>\n<p><br><\/p>\n<p>9.4. Sollten einzelne Bestimmungen dieses Vertrages unwirksam sein oder den gesetzlichen Regelungen widersprechen, so wird hierdurch der Vertrag im \u00dcbrigen nicht ber\u00fchrt. Die unwirksame Bestimmung WIRD von den Vertragsparteien einvernehmlich durch eine rechtswirksame Bestimmung ersetzt, welche dem wirtschaftlichen Sinn und Zweck der unwirksamen Bestimmung am n\u00e4chsten kommt. Die umfassende Regelung gilt entsprechend bei Regelungsl\u00fccken.<\/p>\t\t\t\t\t\t\t\t<\/div>\n\t\t\t\t\t<\/div>\n\t\t<\/div>\n\t\t\t\t\t<\/div>\n\t\t<\/section>\n\t\t\t\t<\/div>","protected":false},"excerpt":{"rendered":"<p>AGB Allgemeine Gesch\u00e4ftsbedingungen &nbsp;\/ ALL ABOUT IMAGES 1. Allgemeines 1.1 Die vorliegenden Allgemeinen Gesch\u00e4ftsbedingungen (AGB) enthalten die zwischen uns, der All About Images, Westduinen 61, 1187 JG Amstelveen, Niederlande (im Folgenden \u201eVerk\u00e4ufer\u201c oder \u201ewir\u201c) und einem Verbraucher oder Unternehmer (im Folgenden \u201eKunden\u201c) ausschlie\u00dflich geltenden Bedingungen f\u00fcr den Kauf der angebotenen Waren und Dienstleistungen, soweit diese [&hellip;]<\/p>\n","protected":false},"author":4,"featured_media":0,"parent":0,"menu_order":0,"comment_status":"closed","ping_status":"closed","template":"","meta":{"iawp_total_views":16,"footnotes":""},"class_list":["post-7666","page","type-page","status-publish","hentry"],"_links":{"self":[{"href":"https:\/\/allaboutimages.eu\/nl\/wp-json\/wp\/v2\/pages\/7666","targetHints":{"allow":["GET"]}}],"collection":[{"href":"https:\/\/allaboutimages.eu\/nl\/wp-json\/wp\/v2\/pages"}],"about":[{"href":"https:\/\/allaboutimages.eu\/nl\/wp-json\/wp\/v2\/types\/page"}],"author":[{"embeddable":true,"href":"https:\/\/allaboutimages.eu\/nl\/wp-json\/wp\/v2\/users\/4"}],"replies":[{"embeddable":true,"href":"https:\/\/allaboutimages.eu\/nl\/wp-json\/wp\/v2\/comments?post=7666"}],"version-history":[{"count":28,"href":"https:\/\/allaboutimages.eu\/nl\/wp-json\/wp\/v2\/pages\/7666\/revisions"}],"predecessor-version":[{"id":9057,"href":"https:\/\/allaboutimages.eu\/nl\/wp-json\/wp\/v2\/pages\/7666\/revisions\/9057"}],"wp:attachment":[{"href":"https:\/\/allaboutimages.eu\/nl\/wp-json\/wp\/v2\/media?parent=7666"}],"curies":[{"name":"wp","href":"https:\/\/api.w.org\/{rel}","templated":true}]}}