{"id":8117,"date":"2022-11-10T15:27:02","date_gmt":"2022-11-10T14:27:02","guid":{"rendered":"https:\/\/allaboutimages.eu\/?page_id=8117"},"modified":"2025-07-02T12:29:52","modified_gmt":"2025-07-02T11:29:52","slug":"video-webinar-bildauswahl","status":"publish","type":"page","link":"https:\/\/allaboutimages.eu\/nl\/video-webinar-bildauswahl\/","title":{"rendered":"Evergreen Webinar &#8211; Die richtige Bildauswahl"},"content":{"rendered":"<div data-elementor-type=\"wp-page\" data-elementor-id=\"8117\" class=\"elementor elementor-8117\" data-elementor-post-type=\"page\">\n\t\t\t\t\t\t<section class=\"elementor-section elementor-top-section elementor-element elementor-element-d00b924 elementor-section-boxed elementor-section-height-default elementor-section-height-default\" data-id=\"d00b924\" data-element_type=\"section\" data-e-type=\"section\" data-settings=\"{&quot;background_background&quot;:&quot;classic&quot;}\">\n\t\t\t\t\t\t<div class=\"elementor-container elementor-column-gap-default\">\n\t\t\t\t\t<div class=\"elementor-column elementor-col-100 elementor-top-column elementor-element elementor-element-fd87ad0\" data-id=\"fd87ad0\" data-element_type=\"column\" data-e-type=\"column\">\n\t\t\t<div class=\"elementor-widget-wrap elementor-element-populated\">\n\t\t\t\t\t\t<div class=\"elementor-element elementor-element-f7e64f4 elementor-widget elementor-widget-heading\" data-id=\"f7e64f4\" data-element_type=\"widget\" data-e-type=\"widget\" data-widget_type=\"heading.default\">\n\t\t\t\t\t<h6 class=\"elementor-heading-title elementor-size-default\">Foto-Coach f\u00fcr Fotografen - <b>Heike Jasper<\/b><br><\/h6>\t\t\t\t<\/div>\n\t\t\t\t<div class=\"elementor-element elementor-element-d4f8ee0 elementor-widget elementor-widget-spacer\" data-id=\"d4f8ee0\" data-element_type=\"widget\" data-e-type=\"widget\" data-widget_type=\"spacer.default\">\n\t\t\t\t\t\t\t<div class=\"elementor-spacer\">\n\t\t\t<div class=\"elementor-spacer-inner\"><\/div>\n\t\t<\/div>\n\t\t\t\t\t\t<\/div>\n\t\t\t\t\t<\/div>\n\t\t<\/div>\n\t\t\t\t\t<\/div>\n\t\t<\/section>\n\t\t\t\t<section class=\"elementor-section elementor-top-section elementor-element elementor-element-1b0db52 elementor-section-boxed elementor-section-height-default elementor-section-height-default\" data-id=\"1b0db52\" data-element_type=\"section\" data-e-type=\"section\" data-settings=\"{&quot;background_background&quot;:&quot;classic&quot;}\">\n\t\t\t\t\t\t\t<div class=\"elementor-background-overlay\"><\/div>\n\t\t\t\t\t\t\t<div class=\"elementor-container elementor-column-gap-default\">\n\t\t\t\t\t<div class=\"elementor-column elementor-col-50 elementor-top-column elementor-element elementor-element-33818fb\" data-id=\"33818fb\" data-element_type=\"column\" data-e-type=\"column\">\n\t\t\t<div class=\"elementor-widget-wrap elementor-element-populated\">\n\t\t\t\t\t\t<div class=\"elementor-element elementor-element-1592bc4 elementor-widget elementor-widget-image\" data-id=\"1592bc4\" data-element_type=\"widget\" data-e-type=\"widget\" data-widget_type=\"image.default\">\n\t\t\t\t\t\t\t\t\t\t\t\t\t\t\t<img fetchpriority=\"high\" decoding=\"async\" width=\"682\" height=\"1024\" src=\"https:\/\/allaboutimages.eu\/wp-content\/uploads\/2024\/06\/120-DSC_9143-682x1024.jpg\" class=\"attachment-large size-large wp-image-10365\" alt=\"302984832wqe\" srcset=\"https:\/\/allaboutimages.eu\/wp-content\/uploads\/2024\/06\/120-DSC_9143-682x1024.jpg 682w, https:\/\/allaboutimages.eu\/wp-content\/uploads\/2024\/06\/120-DSC_9143-200x300.jpg 200w, https:\/\/allaboutimages.eu\/wp-content\/uploads\/2024\/06\/120-DSC_9143-768x1153.jpg 768w, https:\/\/allaboutimages.eu\/wp-content\/uploads\/2024\/06\/120-DSC_9143-1023x1536.jpg 1023w, https:\/\/allaboutimages.eu\/wp-content\/uploads\/2024\/06\/120-DSC_9143-1364x2048.jpg 1364w, https:\/\/allaboutimages.eu\/wp-content\/uploads\/2024\/06\/120-DSC_9143-8x12.jpg 8w, https:\/\/allaboutimages.eu\/wp-content\/uploads\/2024\/06\/120-DSC_9143-scaled.jpg 1705w\" sizes=\"(max-width: 682px) 100vw, 682px\" title=\"302984832wqe\">\t\t\t\t\t\t\t\t\t\t\t\t\t\t\t<\/div>\n\t\t\t\t\t<\/div>\n\t\t<\/div>\n\t\t\t\t<div class=\"elementor-column elementor-col-50 elementor-top-column elementor-element elementor-element-222f0f9\" data-id=\"222f0f9\" data-element_type=\"column\" data-e-type=\"column\" data-settings=\"{&quot;background_background&quot;:&quot;slideshow&quot;,&quot;background_slideshow_gallery&quot;:[],&quot;background_slideshow_loop&quot;:&quot;yes&quot;,&quot;background_slideshow_slide_duration&quot;:5000,&quot;background_slideshow_slide_transition&quot;:&quot;fade&quot;,&quot;background_slideshow_transition_duration&quot;:500}\">\n\t\t\t<div class=\"elementor-widget-wrap elementor-element-populated\">\n\t\t\t\t\t\t<div class=\"elementor-element elementor-element-a86f381 elementor-widget elementor-widget-spacer\" data-id=\"a86f381\" data-element_type=\"widget\" data-e-type=\"widget\" data-widget_type=\"spacer.default\">\n\t\t\t\t\t\t\t<div class=\"elementor-spacer\">\n\t\t\t<div class=\"elementor-spacer-inner\"><\/div>\n\t\t<\/div>\n\t\t\t\t\t\t<\/div>\n\t\t\t\t<div class=\"elementor-element elementor-element-27d7007 elementor-widget elementor-widget-heading\" data-id=\"27d7007\" data-element_type=\"widget\" data-e-type=\"widget\" data-widget_type=\"heading.default\">\n\t\t\t\t\t<h3 class=\"elementor-heading-title elementor-size-default\">BILDAUSWAHL - <br> Wie finde ich mein <br>WOW-Bild!<\/h3>\t\t\t\t<\/div>\n\t\t\t\t<div class=\"elementor-element elementor-element-e313293 elementor-widget-divider--view-line elementor-widget elementor-widget-divider\" data-id=\"e313293\" data-element_type=\"widget\" data-e-type=\"widget\" data-widget_type=\"divider.default\">\n\t\t\t\t\t\t\t<div class=\"elementor-divider\">\n\t\t\t<span class=\"elementor-divider-separator\">\n\t\t\t\t\t\t<\/span>\n\t\t<\/div>\n\t\t\t\t\t\t<\/div>\n\t\t\t\t<div class=\"elementor-element elementor-element-9ae9615 elementor-widget elementor-widget-heading\" data-id=\"9ae9615\" data-element_type=\"widget\" data-e-type=\"widget\" data-widget_type=\"heading.default\">\n\t\t\t\t\t<h4 class=\"elementor-heading-title elementor-size-default\"><b>Bildbewertung und Bildauswahl - wie funktioniert das eigentlich?<br><\/b><br>Die 3 wichtigsten Kriterien der perfekten Bildbewertung, damit du Zukunft f\u00fcr dich die BESTE Bildauswahl treffen kannst.<\/h4>\t\t\t\t<\/div>\n\t\t\t\t<div class=\"elementor-element elementor-element-60314b8 elementor-widget-divider--view-line elementor-widget elementor-widget-divider\" data-id=\"60314b8\" data-element_type=\"widget\" data-e-type=\"widget\" data-widget_type=\"divider.default\">\n\t\t\t\t\t\t\t<div class=\"elementor-divider\">\n\t\t\t<span class=\"elementor-divider-separator\">\n\t\t\t\t\t\t<\/span>\n\t\t<\/div>\n\t\t\t\t\t\t<\/div>\n\t\t\t\t<div class=\"elementor-element elementor-element-1c60cf5 elementor-widget elementor-widget-shortcode\" data-id=\"1c60cf5\" data-element_type=\"widget\" data-e-type=\"widget\" data-widget_type=\"shortcode.default\">\n\t\t\t\t\t\t\t<div class=\"elementor-shortcode\"><script type=\"text\/javascript\" src=\"https:\/\/app.getresponse.com\/view_webform_v2.js?u=MRj9s&webforms_id=hxwLy\" data-webform-id=\"hxwLy\"><\/script><\/div>\n\t\t\t\t\t\t<\/div>\n\t\t\t\t<div class=\"elementor-element elementor-element-a4574cb elementor-widget elementor-widget-heading\" data-id=\"a4574cb\" data-element_type=\"widget\" data-e-type=\"widget\" data-widget_type=\"heading.default\">\n\t\t\t\t\t<h5 class=\"elementor-heading-title elementor-size-default\">Dieser <b>kostenfreie, aufgezeichnete (0 Euro)<\/b> <b>Video Kurs<\/b> ist perfekt f\u00fcr dich wenn es dir schwer f\u00e4llt Bilder zu bewerten und auszuw\u00e4hlen.<\/h5>\t\t\t\t<\/div>\n\t\t\t\t<div class=\"elementor-element elementor-element-b915d92 elementor-widget elementor-widget-text-editor\" data-id=\"b915d92\" data-element_type=\"widget\" data-e-type=\"widget\" data-widget_type=\"text-editor.default\">\n\t\t\t\t\t\t\t\t\t<p>Trag hier deinen Namen und E-Mail ein und sei mit dabei!<\/p>\t\t\t\t\t\t\t\t<\/div>\n\t\t\t\t<div class=\"elementor-element elementor-element-76421c4 elementor-widget elementor-widget-text-editor\" data-id=\"76421c4\" data-element_type=\"widget\" data-e-type=\"widget\" data-widget_type=\"text-editor.default\">\n\t\t\t\t\t\t\t\t\t<p>Wenn Du deinen Namen und deine E-Mail-Adresse eintr\u00e4gst, meldest du dich auch f\u00fcr meinen w\u00f6chentlichen E-Mail-Newsletter und relevante bevorstehende Updates von Heike Jasper an. Du kannst dich jederzeit abmelden.<\/p>\t\t\t\t\t\t\t\t<\/div>\n\t\t\t\t\t<\/div>\n\t\t<\/div>\n\t\t\t\t\t<\/div>\n\t\t<\/section>\n\t\t\t\t<section class=\"elementor-section elementor-top-section elementor-element elementor-element-de1eb25 elementor-section-boxed elementor-section-height-default elementor-section-height-default\" data-id=\"de1eb25\" data-element_type=\"section\" data-e-type=\"section\">\n\t\t\t\t\t\t\t<div class=\"elementor-background-overlay\"><\/div>\n\t\t\t\t\t\t\t<div class=\"elementor-container elementor-column-gap-default\">\n\t\t\t\t\t<div class=\"elementor-column elementor-col-100 elementor-top-column elementor-element elementor-element-d131694\" data-id=\"d131694\" data-element_type=\"column\" data-e-type=\"column\">\n\t\t\t<div class=\"elementor-widget-wrap elementor-element-populated\">\n\t\t\t\t\t\t<div class=\"elementor-element elementor-element-b973116 elementor-widget elementor-widget-spacer\" data-id=\"b973116\" data-element_type=\"widget\" data-e-type=\"widget\" data-widget_type=\"spacer.default\">\n\t\t\t\t\t\t\t<div class=\"elementor-spacer\">\n\t\t\t<div class=\"elementor-spacer-inner\"><\/div>\n\t\t<\/div>\n\t\t\t\t\t\t<\/div>\n\t\t\t\t<div class=\"elementor-element elementor-element-e0d27d0 elementor-widget elementor-widget-image\" data-id=\"e0d27d0\" data-element_type=\"widget\" data-e-type=\"widget\" data-widget_type=\"image.default\">\n\t\t\t\t\t\t\t\t\t\t\t\t\t\t\t<img decoding=\"async\" width=\"246\" height=\"300\" src=\"https:\/\/allaboutimages.eu\/wp-content\/uploads\/2021\/03\/Heike-HRS-4-246x300.png\" class=\"attachment-medium size-medium wp-image-5296\" alt=\"302984832wqe\" srcset=\"https:\/\/allaboutimages.eu\/wp-content\/uploads\/2021\/03\/Heike-HRS-4-246x300.png 246w, https:\/\/allaboutimages.eu\/wp-content\/uploads\/2021\/03\/Heike-HRS-4-840x1024.png 840w, https:\/\/allaboutimages.eu\/wp-content\/uploads\/2021\/03\/Heike-HRS-4-768x936.png 768w, https:\/\/allaboutimages.eu\/wp-content\/uploads\/2021\/03\/Heike-HRS-4-1260x1536.png 1260w, https:\/\/allaboutimages.eu\/wp-content\/uploads\/2021\/03\/Heike-HRS-4-1680x2048.png 1680w\" sizes=\"(max-width: 246px) 100vw, 246px\" title=\"302984832wqe\">\t\t\t\t\t\t\t\t\t\t\t\t\t\t\t<\/div>\n\t\t\t\t<div class=\"elementor-element elementor-element-25cd833 elementor-widget elementor-widget-heading\" data-id=\"25cd833\" data-element_type=\"widget\" data-e-type=\"widget\" data-widget_type=\"heading.default\">\n\t\t\t\t\t<h4 class=\"elementor-heading-title elementor-size-default\">Meine Motivation ist es, dir mehr Freude und Sicherheit beim Fotografieren zu schenken.<\/h4>\t\t\t\t<\/div>\n\t\t\t\t<div class=\"elementor-element elementor-element-bd6a633 elementor-widget elementor-widget-heading\" data-id=\"bd6a633\" data-element_type=\"widget\" data-e-type=\"widget\" data-widget_type=\"heading.default\">\n\t\t\t\t\t<h2 class=\"elementor-heading-title elementor-size-default\">In diesem Video Kurs erf\u00e4hrst du mehr \u00fcber:<\/h2>\t\t\t\t<\/div>\n\t\t\t\t<div class=\"elementor-element elementor-element-4040338 elementor-widget elementor-widget-spacer\" data-id=\"4040338\" data-element_type=\"widget\" data-e-type=\"widget\" data-widget_type=\"spacer.default\">\n\t\t\t\t\t\t\t<div class=\"elementor-spacer\">\n\t\t\t<div class=\"elementor-spacer-inner\"><\/div>\n\t\t<\/div>\n\t\t\t\t\t\t<\/div>\n\t\t\t\t\t<\/div>\n\t\t<\/div>\n\t\t\t\t\t<\/div>\n\t\t<\/section>\n\t\t\t\t<section class=\"elementor-section elementor-top-section elementor-element elementor-element-e27cfd1 elementor-section-boxed elementor-section-height-default elementor-section-height-default\" data-id=\"e27cfd1\" data-element_type=\"section\" data-e-type=\"section\">\n\t\t\t\t\t\t<div class=\"elementor-container elementor-column-gap-default\">\n\t\t\t\t\t<div class=\"elementor-column elementor-col-100 elementor-top-column elementor-element elementor-element-95848f9\" data-id=\"95848f9\" data-element_type=\"column\" data-e-type=\"column\">\n\t\t\t<div class=\"elementor-widget-wrap elementor-element-populated\">\n\t\t\t\t\t\t<div class=\"elementor-element elementor-element-83eaa57 elementor-widget elementor-widget-spacer\" data-id=\"83eaa57\" data-element_type=\"widget\" data-e-type=\"widget\" data-widget_type=\"spacer.default\">\n\t\t\t\t\t\t\t<div class=\"elementor-spacer\">\n\t\t\t<div class=\"elementor-spacer-inner\"><\/div>\n\t\t<\/div>\n\t\t\t\t\t\t<\/div>\n\t\t\t\t\t<\/div>\n\t\t<\/div>\n\t\t\t\t\t<\/div>\n\t\t<\/section>\n\t\t\t\t<section class=\"elementor-section elementor-top-section elementor-element elementor-element-209277a elementor-section-boxed elementor-section-height-default elementor-section-height-default\" data-id=\"209277a\" data-element_type=\"section\" data-e-type=\"section\">\n\t\t\t\t\t\t<div class=\"elementor-container elementor-column-gap-default\">\n\t\t\t\t\t<div class=\"elementor-column elementor-col-33 elementor-top-column elementor-element elementor-element-4e000bb\" data-id=\"4e000bb\" data-element_type=\"column\" data-e-type=\"column\">\n\t\t\t<div class=\"elementor-widget-wrap elementor-element-populated\">\n\t\t\t\t\t\t<div class=\"elementor-element elementor-element-6d8adc2 elementor-widget elementor-widget-heading\" data-id=\"6d8adc2\" data-element_type=\"widget\" data-e-type=\"widget\" data-widget_type=\"heading.default\">\n\t\t\t\t\t<h5 class=\"elementor-heading-title elementor-size-default\">DIE EMOTIONALE<br>BEWERTUNG<\/h5>\t\t\t\t<\/div>\n\t\t\t\t<div class=\"elementor-element elementor-element-71078bb elementor-widget elementor-widget-text-editor\" data-id=\"71078bb\" data-element_type=\"widget\" data-e-type=\"widget\" data-widget_type=\"text-editor.default\">\n\t\t\t\t\t\t\t\t\t<p>Empfindungen wahrnehmen und\u00a0<b>Emotionen<\/b>\u00a0 differenzieren\u00a0<\/p>\t\t\t\t\t\t\t\t<\/div>\n\t\t\t\t<div class=\"elementor-element elementor-element-29eec87 elementor-widget elementor-widget-image\" data-id=\"29eec87\" data-element_type=\"widget\" data-e-type=\"widget\" data-widget_type=\"image.default\">\n\t\t\t\t\t\t\t\t\t\t\t\t\t\t\t<img decoding=\"async\" width=\"200\" height=\"300\" src=\"https:\/\/allaboutimages.eu\/wp-content\/uploads\/2022\/10\/heike-jasper-bildauswahl-2-200x300.jpg\" class=\"attachment-medium size-medium wp-image-7759\" alt=\"302984832wqe\" srcset=\"https:\/\/allaboutimages.eu\/wp-content\/uploads\/2022\/10\/heike-jasper-bildauswahl-2-200x300.jpg 200w, https:\/\/allaboutimages.eu\/wp-content\/uploads\/2022\/10\/heike-jasper-bildauswahl-2-683x1024.jpg 683w, https:\/\/allaboutimages.eu\/wp-content\/uploads\/2022\/10\/heike-jasper-bildauswahl-2-768x1152.jpg 768w, https:\/\/allaboutimages.eu\/wp-content\/uploads\/2022\/10\/heike-jasper-bildauswahl-2-1024x1536.jpg 1024w, https:\/\/allaboutimages.eu\/wp-content\/uploads\/2022\/10\/heike-jasper-bildauswahl-2-8x12.jpg 8w, https:\/\/allaboutimages.eu\/wp-content\/uploads\/2022\/10\/heike-jasper-bildauswahl-2.jpg 1280w\" sizes=\"(max-width: 200px) 100vw, 200px\" title=\"302984832wqe\">\t\t\t\t\t\t\t\t\t\t\t\t\t\t\t<\/div>\n\t\t\t\t\t<\/div>\n\t\t<\/div>\n\t\t\t\t<div class=\"elementor-column elementor-col-33 elementor-top-column elementor-element elementor-element-4bd06ca\" data-id=\"4bd06ca\" data-element_type=\"column\" data-e-type=\"column\">\n\t\t\t<div class=\"elementor-widget-wrap elementor-element-populated\">\n\t\t\t\t\t\t<div class=\"elementor-element elementor-element-dcc2e7c elementor-widget elementor-widget-heading\" data-id=\"dcc2e7c\" data-element_type=\"widget\" data-e-type=\"widget\" data-widget_type=\"heading.default\">\n\t\t\t\t\t<h5 class=\"elementor-heading-title elementor-size-default\">DIE SACHLICHE<br> <span class=\"elementor-heading-title elementor-size-default elementor-inline-editing pen\" data-elementor-setting-key=\"title\" data-pen-placeholder=\"Eingabe hier...\">BEWERTUNG<\/span><\/h5>\t\t\t\t<\/div>\n\t\t\t\t<div class=\"elementor-element elementor-element-694e5b5 elementor-widget elementor-widget-text-editor\" data-id=\"694e5b5\" data-element_type=\"widget\" data-e-type=\"widget\" data-widget_type=\"text-editor.default\">\n\t\t\t\t\t\t\t\t\t<p>Inhalte beschreiben k\u00f6nnen<br>und&nbsp;<b>Sehen<\/b> lernen<\/p>\t\t\t\t\t\t\t\t<\/div>\n\t\t\t\t<div class=\"elementor-element elementor-element-e2d3d69 elementor-widget elementor-widget-image\" data-id=\"e2d3d69\" data-element_type=\"widget\" data-e-type=\"widget\" data-widget_type=\"image.default\">\n\t\t\t\t\t\t\t\t\t\t\t\t\t\t\t<img loading=\"lazy\" decoding=\"async\" width=\"200\" height=\"300\" src=\"https:\/\/allaboutimages.eu\/wp-content\/uploads\/2022\/10\/heike-jasper-bildauswahl-200x300.jpg\" class=\"attachment-medium size-medium wp-image-7757\" alt=\"Bildauswahl\" srcset=\"https:\/\/allaboutimages.eu\/wp-content\/uploads\/2022\/10\/heike-jasper-bildauswahl-200x300.jpg 200w, https:\/\/allaboutimages.eu\/wp-content\/uploads\/2022\/10\/heike-jasper-bildauswahl-683x1024.jpg 683w, https:\/\/allaboutimages.eu\/wp-content\/uploads\/2022\/10\/heike-jasper-bildauswahl-768x1152.jpg 768w, https:\/\/allaboutimages.eu\/wp-content\/uploads\/2022\/10\/heike-jasper-bildauswahl-1024x1536.jpg 1024w, https:\/\/allaboutimages.eu\/wp-content\/uploads\/2022\/10\/heike-jasper-bildauswahl-8x12.jpg 8w, https:\/\/allaboutimages.eu\/wp-content\/uploads\/2022\/10\/heike-jasper-bildauswahl.jpg 1280w\" sizes=\"(max-width: 200px) 100vw, 200px\" title=\"302984832wqe\">\t\t\t\t\t\t\t\t\t\t\t\t\t\t\t<\/div>\n\t\t\t\t\t<\/div>\n\t\t<\/div>\n\t\t\t\t<div class=\"elementor-column elementor-col-33 elementor-top-column elementor-element elementor-element-c3d1f94\" data-id=\"c3d1f94\" data-element_type=\"column\" data-e-type=\"column\">\n\t\t\t<div class=\"elementor-widget-wrap elementor-element-populated\">\n\t\t\t\t\t\t<div class=\"elementor-element elementor-element-9ed4556 elementor-widget elementor-widget-heading\" data-id=\"9ed4556\" data-element_type=\"widget\" data-e-type=\"widget\" data-widget_type=\"heading.default\">\n\t\t\t\t\t<h5 class=\"elementor-heading-title elementor-size-default\">DIE ERKL\u00c4R<br> <span class=\"elementor-heading-title elementor-size-default elementor-inline-editing pen\" data-elementor-setting-key=\"title\" data-pen-placeholder=\"Eingabe hier...\">BEWERTUNG<\/span><\/h5>\t\t\t\t<\/div>\n\t\t\t\t<div class=\"elementor-element elementor-element-84438ca elementor-widget elementor-widget-text-editor\" data-id=\"84438ca\" data-element_type=\"widget\" data-e-type=\"widget\" data-widget_type=\"text-editor.default\">\n\t\t\t\t\t\t\t\t\t<p>Das Warum wissen und\u00a0<b>Kriterien<\/b>\u00a0aktiv anwenden<\/p>\t\t\t\t\t\t\t\t<\/div>\n\t\t\t\t<div class=\"elementor-element elementor-element-9e65d0d elementor-widget elementor-widget-image\" data-id=\"9e65d0d\" data-element_type=\"widget\" data-e-type=\"widget\" data-widget_type=\"image.default\">\n\t\t\t\t\t\t\t\t\t\t\t\t\t\t\t<img loading=\"lazy\" decoding=\"async\" width=\"200\" height=\"300\" src=\"https:\/\/allaboutimages.eu\/wp-content\/uploads\/2022\/10\/heike-jasper-bildauswahl-3-200x300.jpg\" class=\"attachment-medium size-medium wp-image-7760\" alt=\"302984832wqe\" srcset=\"https:\/\/allaboutimages.eu\/wp-content\/uploads\/2022\/10\/heike-jasper-bildauswahl-3-200x300.jpg 200w, https:\/\/allaboutimages.eu\/wp-content\/uploads\/2022\/10\/heike-jasper-bildauswahl-3-683x1024.jpg 683w, https:\/\/allaboutimages.eu\/wp-content\/uploads\/2022\/10\/heike-jasper-bildauswahl-3-768x1152.jpg 768w, https:\/\/allaboutimages.eu\/wp-content\/uploads\/2022\/10\/heike-jasper-bildauswahl-3-1024x1536.jpg 1024w, https:\/\/allaboutimages.eu\/wp-content\/uploads\/2022\/10\/heike-jasper-bildauswahl-3-8x12.jpg 8w, https:\/\/allaboutimages.eu\/wp-content\/uploads\/2022\/10\/heike-jasper-bildauswahl-3.jpg 1280w\" sizes=\"(max-width: 200px) 100vw, 200px\" title=\"302984832wqe\">\t\t\t\t\t\t\t\t\t\t\t\t\t\t\t<\/div>\n\t\t\t\t\t<\/div>\n\t\t<\/div>\n\t\t\t\t\t<\/div>\n\t\t<\/section>\n\t\t\t\t<section class=\"elementor-section elementor-top-section elementor-element elementor-element-079f4ef elementor-section-boxed elementor-section-height-default elementor-section-height-default\" data-id=\"079f4ef\" data-element_type=\"section\" data-e-type=\"section\">\n\t\t\t\t\t\t<div class=\"elementor-container elementor-column-gap-default\">\n\t\t\t\t\t<div class=\"elementor-column elementor-col-100 elementor-top-column elementor-element elementor-element-2f16d13\" data-id=\"2f16d13\" data-element_type=\"column\" data-e-type=\"column\">\n\t\t\t<div class=\"elementor-widget-wrap elementor-element-populated\">\n\t\t\t\t\t\t<div class=\"elementor-element elementor-element-6afa6d9 elementor-widget elementor-widget-spacer\" data-id=\"6afa6d9\" data-element_type=\"widget\" data-e-type=\"widget\" data-widget_type=\"spacer.default\">\n\t\t\t\t\t\t\t<div class=\"elementor-spacer\">\n\t\t\t<div class=\"elementor-spacer-inner\"><\/div>\n\t\t<\/div>\n\t\t\t\t\t\t<\/div>\n\t\t\t\t<div class=\"elementor-element elementor-element-8f459cf elementor-widget elementor-widget-text-editor\" data-id=\"8f459cf\" data-element_type=\"widget\" data-e-type=\"widget\" data-widget_type=\"text-editor.default\">\n\t\t\t\t\t\t\t\t\t<p>Es spielt keine Rolle, wie gro\u00df deine Erfahrung ist. Du kannst diesen Video Kurs auf jeden Fall mitmachen.\u00a0<\/p><p>Ich verspreche dir, es wird sehr unterhaltsam.<\/p><p>Alles, was du zur Vorbereitung brauchst, ist dir deinen Notizblock zurechtzulegen, es dir gem\u00fctlich zu machen und bei diesem gro\u00dfartigen Online-Vortrag mitzumachen.<\/p>\t\t\t\t\t\t\t\t<\/div>\n\t\t\t\t\t<\/div>\n\t\t<\/div>\n\t\t\t\t\t<\/div>\n\t\t<\/section>\n\t\t\t\t<section class=\"elementor-section elementor-top-section elementor-element elementor-element-fd2dd4f elementor-section-boxed elementor-section-height-default elementor-section-height-default\" data-id=\"fd2dd4f\" data-element_type=\"section\" data-e-type=\"section\">\n\t\t\t\t\t\t<div class=\"elementor-container elementor-column-gap-default\">\n\t\t\t\t\t<div class=\"elementor-column elementor-col-100 elementor-top-column elementor-element elementor-element-c4f5acb\" data-id=\"c4f5acb\" data-element_type=\"column\" data-e-type=\"column\">\n\t\t\t<div class=\"elementor-widget-wrap elementor-element-populated\">\n\t\t\t\t\t\t<div class=\"elementor-element elementor-element-2a495c9 elementor-widget elementor-widget-spacer\" data-id=\"2a495c9\" data-element_type=\"widget\" data-e-type=\"widget\" data-widget_type=\"spacer.default\">\n\t\t\t\t\t\t\t<div class=\"elementor-spacer\">\n\t\t\t<div class=\"elementor-spacer-inner\"><\/div>\n\t\t<\/div>\n\t\t\t\t\t\t<\/div>\n\t\t\t\t\t<\/div>\n\t\t<\/div>\n\t\t\t\t\t<\/div>\n\t\t<\/section>\n\t\t\t\t<\/div>","protected":false},"excerpt":{"rendered":"<p>Foto-Coach f\u00fcr Fotografen &#8211; Heike Jasper BILDAUSWAHL &#8211; Wie finde ich mein WOW-Bild! Bildbewertung und Bildauswahl &#8211; wie funktioniert das eigentlich?Die 3 wichtigsten Kriterien der perfekten Bildbewertung, damit du Zukunft f\u00fcr dich die BESTE Bildauswahl treffen kannst. Dieser kostenfreie, aufgezeichnete (0 Euro) Video Kurs ist perfekt f\u00fcr dich wenn es dir schwer f\u00e4llt Bilder zu [&hellip;]<\/p>\n","protected":false},"author":4,"featured_media":0,"parent":0,"menu_order":0,"comment_status":"closed","ping_status":"closed","template":"elementor_header_footer","meta":{"iawp_total_views":165,"footnotes":""},"class_list":["post-8117","page","type-page","status-publish","hentry"],"_links":{"self":[{"href":"https:\/\/allaboutimages.eu\/nl\/wp-json\/wp\/v2\/pages\/8117","targetHints":{"allow":["GET"]}}],"collection":[{"href":"https:\/\/allaboutimages.eu\/nl\/wp-json\/wp\/v2\/pages"}],"about":[{"href":"https:\/\/allaboutimages.eu\/nl\/wp-json\/wp\/v2\/types\/page"}],"author":[{"embeddable":true,"href":"https:\/\/allaboutimages.eu\/nl\/wp-json\/wp\/v2\/users\/4"}],"replies":[{"embeddable":true,"href":"https:\/\/allaboutimages.eu\/nl\/wp-json\/wp\/v2\/comments?post=8117"}],"version-history":[{"count":31,"href":"https:\/\/allaboutimages.eu\/nl\/wp-json\/wp\/v2\/pages\/8117\/revisions"}],"predecessor-version":[{"id":11004,"href":"https:\/\/allaboutimages.eu\/nl\/wp-json\/wp\/v2\/pages\/8117\/revisions\/11004"}],"wp:attachment":[{"href":"https:\/\/allaboutimages.eu\/nl\/wp-json\/wp\/v2\/media?parent=8117"}],"curies":[{"name":"wp","href":"https:\/\/api.w.org\/{rel}","templated":true}]}}