{"id":9420,"date":"2023-08-13T13:01:08","date_gmt":"2023-08-13T12:01:08","guid":{"rendered":"https:\/\/allaboutimages.eu\/?page_id=9420"},"modified":"2024-01-25T13:14:03","modified_gmt":"2024-01-25T12:14:03","slug":"warteliste-she-creative","status":"publish","type":"page","link":"https:\/\/allaboutimages.eu\/nl\/warteliste-she-creative\/","title":{"rendered":"Warteliste She Creative"},"content":{"rendered":"<div data-elementor-type=\"wp-page\" data-elementor-id=\"9420\" class=\"elementor elementor-9420\" data-elementor-post-type=\"page\">\n\t\t\t\t\t\t<section class=\"elementor-section elementor-top-section elementor-element elementor-element-06a967f elementor-section-boxed elementor-section-height-default elementor-section-height-default\" data-id=\"06a967f\" data-element_type=\"section\" data-e-type=\"section\">\n\t\t\t\t\t\t<div class=\"elementor-container elementor-column-gap-default\">\n\t\t\t\t\t<div class=\"elementor-column elementor-col-50 elementor-top-column elementor-element elementor-element-708fd2e\" data-id=\"708fd2e\" data-element_type=\"column\" data-e-type=\"column\">\n\t\t\t<div class=\"elementor-widget-wrap elementor-element-populated\">\n\t\t\t\t\t\t<section class=\"elementor-section elementor-inner-section elementor-element elementor-element-b257346 elementor-section-boxed elementor-section-height-default elementor-section-height-default\" data-id=\"b257346\" data-element_type=\"section\" data-e-type=\"section\">\n\t\t\t\t\t\t<div class=\"elementor-container elementor-column-gap-default\">\n\t\t\t\t\t<div class=\"elementor-column elementor-col-100 elementor-inner-column elementor-element elementor-element-da71eb5\" data-id=\"da71eb5\" data-element_type=\"column\" data-e-type=\"column\">\n\t\t\t<div class=\"elementor-widget-wrap elementor-element-populated\">\n\t\t\t\t\t\t<div class=\"elementor-element elementor-element-98aa0bd elementor-widget elementor-widget-image\" data-id=\"98aa0bd\" data-element_type=\"widget\" data-e-type=\"widget\" data-widget_type=\"image.default\">\n\t\t\t\t\t\t\t\t\t\t\t\t\t\t\t<img fetchpriority=\"high\" decoding=\"async\" width=\"724\" height=\"1024\" src=\"https:\/\/allaboutimages.eu\/wp-content\/uploads\/2023\/08\/Heike-Jasper-SheCreative-724x1024.webp\" class=\"attachment-large size-large wp-image-9424\" alt=\"302984832wqe\" srcset=\"https:\/\/allaboutimages.eu\/wp-content\/uploads\/2023\/08\/Heike-Jasper-SheCreative-724x1024.webp 724w, https:\/\/allaboutimages.eu\/wp-content\/uploads\/2023\/08\/Heike-Jasper-SheCreative-212x300.webp 212w, https:\/\/allaboutimages.eu\/wp-content\/uploads\/2023\/08\/Heike-Jasper-SheCreative-768x1086.webp 768w, https:\/\/allaboutimages.eu\/wp-content\/uploads\/2023\/08\/Heike-Jasper-SheCreative.webp 778w\" sizes=\"(max-width: 724px) 100vw, 724px\" title=\"302984832wqe\">\t\t\t\t\t\t\t\t\t\t\t\t\t\t\t<\/div>\n\t\t\t\t\t<\/div>\n\t\t<\/div>\n\t\t\t\t\t<\/div>\n\t\t<\/section>\n\t\t\t\t\t<\/div>\n\t\t<\/div>\n\t\t\t\t<div class=\"elementor-column elementor-col-50 elementor-top-column elementor-element elementor-element-3e2c2ed\" data-id=\"3e2c2ed\" data-element_type=\"column\" data-e-type=\"column\">\n\t\t\t<div class=\"elementor-widget-wrap elementor-element-populated\">\n\t\t\t\t\t\t<section class=\"elementor-section elementor-inner-section elementor-element elementor-element-69a59bf elementor-section-boxed elementor-section-height-default elementor-section-height-default\" data-id=\"69a59bf\" data-element_type=\"section\" data-e-type=\"section\">\n\t\t\t\t\t\t<div class=\"elementor-container elementor-column-gap-default\">\n\t\t\t\t\t<div class=\"elementor-column elementor-col-100 elementor-inner-column elementor-element elementor-element-a945279\" data-id=\"a945279\" data-element_type=\"column\" data-e-type=\"column\">\n\t\t\t<div class=\"elementor-widget-wrap elementor-element-populated\">\n\t\t\t\t\t\t<div class=\"elementor-element elementor-element-cc9ca8c elementor-widget elementor-widget-spacer\" data-id=\"cc9ca8c\" data-element_type=\"widget\" data-e-type=\"widget\" data-widget_type=\"spacer.default\">\n\t\t\t\t\t\t\t<div class=\"elementor-spacer\">\n\t\t\t<div class=\"elementor-spacer-inner\"><\/div>\n\t\t<\/div>\n\t\t\t\t\t\t<\/div>\n\t\t\t\t<div class=\"elementor-element elementor-element-f3d86be elementor-widget elementor-widget-heading\" data-id=\"f3d86be\" data-element_type=\"widget\" data-e-type=\"widget\" data-widget_type=\"heading.default\">\n\t\t\t\t\t<h1 class=\"elementor-heading-title elementor-size-default\">SHE CREATIVE<\/h1>\t\t\t\t<\/div>\n\t\t\t\t<div class=\"elementor-element elementor-element-f859ec1 elementor-widget elementor-widget-heading\" data-id=\"f859ec1\" data-element_type=\"widget\" data-e-type=\"widget\" data-widget_type=\"heading.default\">\n\t\t\t\t\t<h4 class=\"elementor-heading-title elementor-size-default\">INTENSIV - KREATIV - MUTIG FOTOGRAFIEREN<\/h4>\t\t\t\t<\/div>\n\t\t\t\t<div class=\"elementor-element elementor-element-7af1d2e elementor-widget elementor-widget-text-editor\" data-id=\"7af1d2e\" data-element_type=\"widget\" data-e-type=\"widget\" data-widget_type=\"text-editor.default\">\n\t\t\t\t\t\t\t\t\t<p><strong>Der ONLINE Kurs f\u00fcr Fotografinnen<\/strong><\/p><p>mit Heike Jasper<\/p><p>Erfahre, wie du durch mehr <b>technisches<\/b>\u00a0und\u00a0<b>kreatives<\/b>\u00a0<b>Wissen<\/b>\u00a0Schritt f\u00fcr Schritt zu mehr\u00a0<b>Selbstvertrauen<\/b>\u00a0und damit zu mehr Sicherheit und\u00a0<b>Spass<\/b>\u00a0in deiner Fotografie gelangst und wie du durch neue Impulse weiter\u00a0<b>wachsen<\/b>\u00a0wirst.<\/p><p>Werde als eine der Ersten benachrichtigt, wenn sich die T\u00fcrchen \u00f6ffnen &#8211; Trag dich hier in die Warteliste f\u00fcr diesen Online Kurse ein!<\/p>\t\t\t\t\t\t\t\t<\/div>\n\t\t\t\t<div class=\"elementor-element elementor-element-fa902f6 elementor-widget elementor-widget-shortcode\" data-id=\"fa902f6\" data-element_type=\"widget\" data-e-type=\"widget\" data-widget_type=\"shortcode.default\">\n\t\t\t\t\t\t\t<div class=\"elementor-shortcode\"><script type=\"text\/javascript\" src=\"https:\/\/app.getresponse.com\/view_webform_v2.js?u=MRj9s&webforms_id=hurKR\" data-webform-id=\"hurKR\"><\/script><\/div>\n\t\t\t\t\t\t<\/div>\n\t\t\t\t\t<\/div>\n\t\t<\/div>\n\t\t\t\t\t<\/div>\n\t\t<\/section>\n\t\t\t\t\t<\/div>\n\t\t<\/div>\n\t\t\t\t\t<\/div>\n\t\t<\/section>\n\t\t\t\t<section class=\"elementor-section elementor-top-section elementor-element elementor-element-4e7a1bf elementor-section-boxed elementor-section-height-default elementor-section-height-default\" data-id=\"4e7a1bf\" data-element_type=\"section\" data-e-type=\"section\">\n\t\t\t\t\t\t<div class=\"elementor-container elementor-column-gap-default\">\n\t\t\t\t\t<div class=\"elementor-column elementor-col-100 elementor-top-column elementor-element elementor-element-63102ab\" data-id=\"63102ab\" data-element_type=\"column\" data-e-type=\"column\">\n\t\t\t<div class=\"elementor-widget-wrap elementor-element-populated\">\n\t\t\t\t\t\t<div class=\"elementor-element elementor-element-56ede0f elementor-widget elementor-widget-spacer\" data-id=\"56ede0f\" data-element_type=\"widget\" data-e-type=\"widget\" data-widget_type=\"spacer.default\">\n\t\t\t\t\t\t\t<div class=\"elementor-spacer\">\n\t\t\t<div class=\"elementor-spacer-inner\"><\/div>\n\t\t<\/div>\n\t\t\t\t\t\t<\/div>\n\t\t\t\t\t<\/div>\n\t\t<\/div>\n\t\t\t\t\t<\/div>\n\t\t<\/section>\n\t\t\t\t<section class=\"elementor-section elementor-top-section elementor-element elementor-element-7f19a24 elementor-section-boxed elementor-section-height-default elementor-section-height-default\" data-id=\"7f19a24\" data-element_type=\"section\" data-e-type=\"section\" data-settings=\"{&quot;background_background&quot;:&quot;classic&quot;}\">\n\t\t\t\t\t\t\t<div class=\"elementor-background-overlay\"><\/div>\n\t\t\t\t\t\t\t<div class=\"elementor-container elementor-column-gap-default\">\n\t\t\t\t\t<div class=\"elementor-column elementor-col-100 elementor-top-column elementor-element elementor-element-a656ada\" data-id=\"a656ada\" data-element_type=\"column\" data-e-type=\"column\">\n\t\t\t<div class=\"elementor-widget-wrap elementor-element-populated\">\n\t\t\t\t\t\t<div class=\"elementor-element elementor-element-86fb34b elementor-widget elementor-widget-spacer\" data-id=\"86fb34b\" data-element_type=\"widget\" data-e-type=\"widget\" data-widget_type=\"spacer.default\">\n\t\t\t\t\t\t\t<div class=\"elementor-spacer\">\n\t\t\t<div class=\"elementor-spacer-inner\"><\/div>\n\t\t<\/div>\n\t\t\t\t\t\t<\/div>\n\t\t\t\t<div class=\"elementor-element elementor-element-63546a8 elementor-widget elementor-widget-spacer\" data-id=\"63546a8\" data-element_type=\"widget\" data-e-type=\"widget\" data-widget_type=\"spacer.default\">\n\t\t\t\t\t\t\t<div class=\"elementor-spacer\">\n\t\t\t<div class=\"elementor-spacer-inner\"><\/div>\n\t\t<\/div>\n\t\t\t\t\t\t<\/div>\n\t\t\t\t\t<\/div>\n\t\t<\/div>\n\t\t\t\t\t<\/div>\n\t\t<\/section>\n\t\t\t\t<section class=\"elementor-section elementor-top-section elementor-element elementor-element-79cd659 elementor-section-boxed elementor-section-height-default elementor-section-height-default\" data-id=\"79cd659\" data-element_type=\"section\" data-e-type=\"section\" data-settings=\"{&quot;background_background&quot;:&quot;classic&quot;}\">\n\t\t\t\t\t\t<div class=\"elementor-container elementor-column-gap-default\">\n\t\t\t\t\t<div class=\"elementor-column elementor-col-100 elementor-top-column elementor-element elementor-element-902e567\" data-id=\"902e567\" data-element_type=\"column\" data-e-type=\"column\">\n\t\t\t<div class=\"elementor-widget-wrap elementor-element-populated\">\n\t\t\t\t\t\t<div class=\"elementor-element elementor-element-b75fb0b elementor-widget elementor-widget-text-editor\" data-id=\"b75fb0b\" data-element_type=\"widget\" data-e-type=\"widget\" data-widget_type=\"text-editor.default\">\n\t\t\t\t\t\t\t\t\t<p>Mein KnowHow ist auch zu finden bei<\/p>\t\t\t\t\t\t\t\t<\/div>\n\t\t\t\t\t<\/div>\n\t\t<\/div>\n\t\t\t\t\t<\/div>\n\t\t<\/section>\n\t\t\t\t<section class=\"elementor-section elementor-top-section elementor-element elementor-element-f3b7019 elementor-section-height-min-height elementor-section-boxed elementor-section-height-default elementor-section-items-middle\" data-id=\"f3b7019\" data-element_type=\"section\" data-e-type=\"section\" data-settings=\"{&quot;background_background&quot;:&quot;classic&quot;}\">\n\t\t\t\t\t\t<div class=\"elementor-container elementor-column-gap-default\">\n\t\t\t\t\t<div class=\"elementor-column elementor-col-20 elementor-top-column elementor-element elementor-element-137470d\" data-id=\"137470d\" data-element_type=\"column\" data-e-type=\"column\">\n\t\t\t<div class=\"elementor-widget-wrap elementor-element-populated\">\n\t\t\t\t\t\t<div class=\"elementor-element elementor-element-dfab267 elementor-widget elementor-widget-image\" data-id=\"dfab267\" data-element_type=\"widget\" data-e-type=\"widget\" data-widget_type=\"image.default\">\n\t\t\t\t\t\t\t\t\t\t\t\t\t\t\t<img decoding=\"async\" width=\"300\" height=\"70\" src=\"https:\/\/allaboutimages.eu\/wp-content\/uploads\/2022\/09\/Logo_All_About_Images_Neu-300x70.png\" class=\"attachment-medium size-medium wp-image-6824\" alt=\"302984832wqe\" srcset=\"https:\/\/allaboutimages.eu\/wp-content\/uploads\/2022\/09\/Logo_All_About_Images_Neu-300x70.png 300w, https:\/\/allaboutimages.eu\/wp-content\/uploads\/2022\/09\/Logo_All_About_Images_Neu-1024x240.png 1024w, https:\/\/allaboutimages.eu\/wp-content\/uploads\/2022\/09\/Logo_All_About_Images_Neu-768x180.png 768w, https:\/\/allaboutimages.eu\/wp-content\/uploads\/2022\/09\/Logo_All_About_Images_Neu-1536x360.png 1536w, https:\/\/allaboutimages.eu\/wp-content\/uploads\/2022\/09\/Logo_All_About_Images_Neu-2048x480.png 2048w, https:\/\/allaboutimages.eu\/wp-content\/uploads\/2022\/09\/Logo_All_About_Images_Neu-18x4.png 18w\" sizes=\"(max-width: 300px) 100vw, 300px\" title=\"302984832wqe\">\t\t\t\t\t\t\t\t\t\t\t\t\t\t\t<\/div>\n\t\t\t\t\t<\/div>\n\t\t<\/div>\n\t\t\t\t<div class=\"elementor-column elementor-col-20 elementor-top-column elementor-element elementor-element-6522af5\" data-id=\"6522af5\" data-element_type=\"column\" data-e-type=\"column\">\n\t\t\t<div class=\"elementor-widget-wrap elementor-element-populated\">\n\t\t\t\t\t\t<div class=\"elementor-element elementor-element-1bdd654 elementor-widget elementor-widget-image\" data-id=\"1bdd654\" data-element_type=\"widget\" data-e-type=\"widget\" data-widget_type=\"image.default\">\n\t\t\t\t\t\t\t\t\t\t\t\t\t\t\t<img decoding=\"async\" width=\"300\" height=\"169\" src=\"https:\/\/allaboutimages.eu\/wp-content\/uploads\/2022\/11\/LOGO-MyNikon-300x169.png\" class=\"attachment-medium size-medium wp-image-8126\" alt=\"302984832wqe\" srcset=\"https:\/\/allaboutimages.eu\/wp-content\/uploads\/2022\/11\/LOGO-MyNikon-300x169.png 300w, https:\/\/allaboutimages.eu\/wp-content\/uploads\/2022\/11\/LOGO-MyNikon-1024x576.png 1024w, https:\/\/allaboutimages.eu\/wp-content\/uploads\/2022\/11\/LOGO-MyNikon-768x432.png 768w, https:\/\/allaboutimages.eu\/wp-content\/uploads\/2022\/11\/LOGO-MyNikon-1536x864.png 1536w, https:\/\/allaboutimages.eu\/wp-content\/uploads\/2022\/11\/LOGO-MyNikon-18x10.png 18w, https:\/\/allaboutimages.eu\/wp-content\/uploads\/2022\/11\/LOGO-MyNikon.png 2048w\" sizes=\"(max-width: 300px) 100vw, 300px\" title=\"302984832wqe\">\t\t\t\t\t\t\t\t\t\t\t\t\t\t\t<\/div>\n\t\t\t\t\t<\/div>\n\t\t<\/div>\n\t\t\t\t<div class=\"elementor-column elementor-col-20 elementor-top-column elementor-element elementor-element-ac92a4d\" data-id=\"ac92a4d\" data-element_type=\"column\" data-e-type=\"column\">\n\t\t\t<div class=\"elementor-widget-wrap elementor-element-populated\">\n\t\t\t\t\t\t<div class=\"elementor-element elementor-element-5033524 elementor-widget elementor-widget-image\" data-id=\"5033524\" data-element_type=\"widget\" data-e-type=\"widget\" data-widget_type=\"image.default\">\n\t\t\t\t\t\t\t\t\t\t\t\t\t\t\t<img loading=\"lazy\" decoding=\"async\" width=\"300\" height=\"91\" src=\"https:\/\/allaboutimages.eu\/wp-content\/uploads\/2022\/10\/Dpunkt_logo-300x91.png\" class=\"attachment-medium size-medium wp-image-6946\" alt=\"302984832wqe\" srcset=\"https:\/\/allaboutimages.eu\/wp-content\/uploads\/2022\/10\/Dpunkt_logo-300x91.png 300w, https:\/\/allaboutimages.eu\/wp-content\/uploads\/2022\/10\/Dpunkt_logo-18x5.png 18w, https:\/\/allaboutimages.eu\/wp-content\/uploads\/2022\/10\/Dpunkt_logo.png 390w\" sizes=\"(max-width: 300px) 100vw, 300px\" title=\"302984832wqe\">\t\t\t\t\t\t\t\t\t\t\t\t\t\t\t<\/div>\n\t\t\t\t\t<\/div>\n\t\t<\/div>\n\t\t\t\t<div class=\"elementor-column elementor-col-20 elementor-top-column elementor-element elementor-element-8b50fae\" data-id=\"8b50fae\" data-element_type=\"column\" data-e-type=\"column\">\n\t\t\t<div class=\"elementor-widget-wrap elementor-element-populated\">\n\t\t\t\t\t\t<div class=\"elementor-element elementor-element-9ff2048 elementor-widget elementor-widget-image\" data-id=\"9ff2048\" data-element_type=\"widget\" data-e-type=\"widget\" data-widget_type=\"image.default\">\n\t\t\t\t\t\t\t\t\t\t\t\t\t\t\t<img loading=\"lazy\" decoding=\"async\" width=\"300\" height=\"93\" src=\"https:\/\/allaboutimages.eu\/wp-content\/uploads\/2022\/10\/VanDuuren-Logo-300x93.png\" class=\"attachment-medium size-medium wp-image-7121\" alt=\"302984832wqe\" srcset=\"https:\/\/allaboutimages.eu\/wp-content\/uploads\/2022\/10\/VanDuuren-Logo-300x93.png 300w, https:\/\/allaboutimages.eu\/wp-content\/uploads\/2022\/10\/VanDuuren-Logo-18x6.png 18w, https:\/\/allaboutimages.eu\/wp-content\/uploads\/2022\/10\/VanDuuren-Logo.png 648w\" sizes=\"(max-width: 300px) 100vw, 300px\" title=\"302984832wqe\">\t\t\t\t\t\t\t\t\t\t\t\t\t\t\t<\/div>\n\t\t\t\t\t<\/div>\n\t\t<\/div>\n\t\t\t\t<div class=\"elementor-column elementor-col-20 elementor-top-column elementor-element elementor-element-9c2dc31\" data-id=\"9c2dc31\" data-element_type=\"column\" data-e-type=\"column\">\n\t\t\t<div class=\"elementor-widget-wrap elementor-element-populated\">\n\t\t\t\t\t\t<div class=\"elementor-element elementor-element-5e06dcb elementor-widget elementor-widget-image\" data-id=\"5e06dcb\" data-element_type=\"widget\" data-e-type=\"widget\" data-widget_type=\"image.default\">\n\t\t\t\t\t\t\t\t\t\t\t\t\t\t\t<img loading=\"lazy\" decoding=\"async\" width=\"300\" height=\"66\" src=\"https:\/\/allaboutimages.eu\/wp-content\/uploads\/2022\/10\/Rheinwerk_Logo-300x66.png\" class=\"attachment-medium size-medium wp-image-6941\" alt=\"302984832wqe\" srcset=\"https:\/\/allaboutimages.eu\/wp-content\/uploads\/2022\/10\/Rheinwerk_Logo-300x66.png 300w, https:\/\/allaboutimages.eu\/wp-content\/uploads\/2022\/10\/Rheinwerk_Logo-18x4.png 18w, https:\/\/allaboutimages.eu\/wp-content\/uploads\/2022\/10\/Rheinwerk_Logo.png 548w\" sizes=\"(max-width: 300px) 100vw, 300px\" title=\"302984832wqe\">\t\t\t\t\t\t\t\t\t\t\t\t\t\t\t<\/div>\n\t\t\t\t\t<\/div>\n\t\t<\/div>\n\t\t\t\t\t<\/div>\n\t\t<\/section>\n\t\t\t\t<\/div>","protected":false},"excerpt":{"rendered":"<p>SHE CREATIVE INTENSIV &#8211; KREATIV &#8211; MUTIG FOTOGRAFIEREN Der ONLINE Kurs f\u00fcr Fotografinnen mit Heike Jasper Erfahre, wie du durch mehr technisches\u00a0und\u00a0kreatives\u00a0Wissen\u00a0Schritt f\u00fcr Schritt zu mehr\u00a0Selbstvertrauen\u00a0und damit zu mehr Sicherheit und\u00a0Spass\u00a0in deiner Fotografie gelangst und wie du durch neue Impulse weiter\u00a0wachsen\u00a0wirst. Werde als eine der Ersten benachrichtigt, wenn sich die T\u00fcrchen \u00f6ffnen &#8211; Trag dich [&hellip;]<\/p>\n","protected":false},"author":4,"featured_media":0,"parent":0,"menu_order":0,"comment_status":"closed","ping_status":"closed","template":"elementor_header_footer","meta":{"iawp_total_views":561,"footnotes":""},"class_list":["post-9420","page","type-page","status-publish","hentry"],"_links":{"self":[{"href":"https:\/\/allaboutimages.eu\/nl\/wp-json\/wp\/v2\/pages\/9420","targetHints":{"allow":["GET"]}}],"collection":[{"href":"https:\/\/allaboutimages.eu\/nl\/wp-json\/wp\/v2\/pages"}],"about":[{"href":"https:\/\/allaboutimages.eu\/nl\/wp-json\/wp\/v2\/types\/page"}],"author":[{"embeddable":true,"href":"https:\/\/allaboutimages.eu\/nl\/wp-json\/wp\/v2\/users\/4"}],"replies":[{"embeddable":true,"href":"https:\/\/allaboutimages.eu\/nl\/wp-json\/wp\/v2\/comments?post=9420"}],"version-history":[{"count":34,"href":"https:\/\/allaboutimages.eu\/nl\/wp-json\/wp\/v2\/pages\/9420\/revisions"}],"predecessor-version":[{"id":9833,"href":"https:\/\/allaboutimages.eu\/nl\/wp-json\/wp\/v2\/pages\/9420\/revisions\/9833"}],"wp:attachment":[{"href":"https:\/\/allaboutimages.eu\/nl\/wp-json\/wp\/v2\/media?parent=9420"}],"curies":[{"name":"wp","href":"https:\/\/api.w.org\/{rel}","templated":true}]}}